{"id":1882,"date":"2020-06-09T07:36:20","date_gmt":"2020-06-09T06:36:20","guid":{"rendered":"https:\/\/www.op-svab.com\/splosni-pogoji-uporabe-spletne-strani\/"},"modified":"2021-06-04T10:21:01","modified_gmt":"2021-06-04T08:21:01","slug":"general-terms-of-use-of-the-website","status":"publish","type":"page","link":"https:\/\/www.op-svab.com\/en\/general-terms-of-use-of-the-website\/","title":{"rendered":"General terms of use of the website"},"content":{"rendered":"\n<h3 class=\"wp-block-heading\"><strong>1. Web Page<\/strong><\/h3>\n\n\n\n<p>Owner, administrator and service provider of this website <a href=\"http:\/\/www.op-svab.com\/\">www.op-svab.com<\/a> and any sub-pages of that website (\u00bb<strong>Web page<\/strong>\u00ab) is Odvetni\u0161ka pisarna \u0160vab (Law firm \u0160vab), lawyer Luka \u0160vab (\u00bb<strong>Odvetni\u0161ka pisarna \u0160vab<\/strong>\u00ab), Dimi\u010deva ulica 16, 1000 Ljubljana, registration no. 2666472000.<\/p>\n\n\n\n<p>Access and use of the website are permitted under the conditions determined by the applicable legislation of the Republic of Slovenia, the so-called General Terms of Use of the Website (\u00bb<strong>General conditions of use<\/strong>\u00ab) and other regulations referred to in these General Terms and Conditions of Use.<\/p>\n\n\n\n<h3 class=\"wp-block-heading\"><strong>2.<\/strong>&nbsp;<strong>Terms of use<\/strong><\/h3>\n\n\n\n<p>The content and information available on this website and provided by Odvetni\u0161ka pisarna \u0160vab are for informational purposes only. They do not contain legal advice, legal opinions or any other advice related to specific facts and circumstances.<\/p>\n\n\n\n<p>With regard to the information on this website, Odvetni\u0161ka pisarna \u0160vab does not guarantee its accuracy, completeness or suitability for any purpose. Under no circumstances is Odvetni\u0161ka pisarna \u0160vab liable to you or anyone else for your access to or use of the materials on this website. Although Odvetni\u0161ka pisarna \u0160vab strives to keep the materials on this website up to date, the information on this website is available only as general information, which may or may not reflect the latest developments in the field of law. Consult a legal professional before taking action on the information based solely on this website.<\/p>\n\n\n\n<h3 class=\"wp-block-heading\"><strong>3. Website Content<\/strong><\/h3>\n\n\n\n<p>The law firm, Odvetni\u0161ka pisarna \u0160vab, strives to keep the contents of its website up-to-date and containing correct information and materials, but it does not guarantee the accuracy, completeness and up-to-dateness of the website, and is not obliged to do so. We do not accept any liability for damages due to unavailability, change, deficiency, error or obsolescence of the information published on the website. It also does not guarantee that the website or any content on it will be accessible at all times or that access will be uninterrupted. The website or its parts may be withdrawn or modified at any time without prior notice.<\/p>\n\n\n\n<p>The content published on the website is of a general informative nature and does not constitute legal advice or legal assistance that you can rely on. Odvetni\u0161ka pisarna \u0160vab is not responsible for the use of information published on the website. If the website contains links to other websites and access to other websites, those links are for informational purposes only. We have no control or influence over the content of these websites.<\/p>\n\n\n\n<p>To receive more information about the content posted on our website, contact us at: <a href=\"mailto:info@op-svab.com\">info@op-svab.com.<\/a><\/p>\n\n\n\n<h3 class=\"wp-block-heading\"><strong>4. Intellectual property rights<\/strong><\/h3>\n\n\n\n<p>Odvetni\u0161ka pisarna \u0160vab, is the owner of all copyrights on the content published on the website. For private use, you may print, copy or save portions of the website but this can only be used for non-commercial purposes. You may not use the materials from the website for business purposes without our prior written consent.<\/p>\n\n\n\n<p>On your own website, you can create links to the Odvetni\u0161ka pisarna \u0160vab website so long as: it is done so in a manner that is in accordance with the law; it does not harm our good name, reputation or business; it does not in a way take advantage of the reputation of Odvetni\u0161ka pisarna \u0160vab unjustifiably. It is prohibited to post links to the website that indicate or could indicate any link, cooperation or confirmation by Odvetni\u0161ka pisarna \u0160vab which does not exist.<\/p>\n\n\n\n<p>We reserve the right to revoke permission to post links to the website at any time and\/or, without giving a reason, to request immediate removal of any links to the website.<\/p>\n\n\n\n<h3 class=\"wp-block-heading\"><strong>5. Personal data protection<\/strong><\/h3>\n\n\n\n<p>More about the processing of personal data is given in&nbsp;<a href=\"http:\/\/svab.poskrolaj.ga\/pravno-obvestilo\/#http:\/\/svab.poskrolaj.ga\/pravno-obvestilo\/\">Privacy policy<\/a><\/p>\n\n\n\n<h3 class=\"wp-block-heading\"><strong>6. Changes to the General Terms of Use<\/strong><\/h3>\n\n\n\n<p>The General Terms of Use may be accepted at any time. When you visit the website after the change of the General Terms of Use takes effect, you will be bound by the changed General Terms of Use, so we advise you to check their content from time to time.<\/p>\n\n\n\n<h3 class=\"wp-block-heading\"><strong>7. Governing law<\/strong><\/h3>\n\n\n\n<p>The General Conditions of Use are assessed in accordance with the law of the Republic of Slovenia.<\/p>\n\n\n\n<h3 class=\"wp-block-heading\"><strong>8. Contact<\/strong><\/h3>\n\n\n\n<p>For any questions related to these General Terms of Use please contact us at:&nbsp;<a href=\"mailto:info@op-svab.com\">info@op-svab.com<\/a>.<\/p>\n\n\n\n<p>Thank you for visiting our website.<\/p>\n","protected":false},"excerpt":{"rendered":"<p>1. Web Page Owner, administrator and service provider of this website &#8230; <\/p>\n","protected":false},"author":1,"featured_media":0,"parent":0,"menu_order":0,"comment_status":"closed","ping_status":"closed","template":"","meta":{"_editorskit_title_hidden":false,"_editorskit_reading_time":3,"_editorskit_is_block_options_detached":false,"_editorskit_block_options_position":"{}","_uag_custom_page_level_css":"","footnotes":""},"class_list":["post-1882","page","type-page","status-publish","hentry"],"yoast_head":"<!-- This site is optimized with the Yoast SEO plugin v27.0 - https:\/\/yoast.com\/product\/yoast-seo-wordpress\/ -->\n<title>General terms of use of the website - Odvetni\u0161ka pisarna \u0160vab &amp; \u0160tepec<\/title>\n<meta name=\"robots\" content=\"index, follow, max-snippet:-1, max-image-preview:large, max-video-preview:-1\" \/>\n<link rel=\"canonical\" href=\"https:\/\/www.op-svab.com\/en\/general-terms-of-use-of-the-website\/\" \/>\n<meta property=\"og:locale\" content=\"en_US\" \/>\n<meta property=\"og:type\" content=\"article\" \/>\n<meta property=\"og:title\" content=\"General terms of use of the website - Odvetni\u0161ka pisarna \u0160vab &amp; \u0160tepec\" \/>\n<meta property=\"og:description\" content=\"1. Web Page Owner, administrator and service provider of this website ...\" \/>\n<meta property=\"og:url\" content=\"https:\/\/www.op-svab.com\/en\/general-terms-of-use-of-the-website\/\" \/>\n<meta property=\"og:site_name\" content=\"Odvetni\u0161ka pisarna \u0160vab &amp; \u0160tepec\" \/>\n<meta property=\"article:modified_time\" content=\"2021-06-04T08:21:01+00:00\" \/>\n<meta property=\"og:image\" content=\"https:\/\/www.op-svab.com\/wp-content\/uploads\/2023\/10\/svab_stepec_logo.png\" \/>\n\t<meta property=\"og:image:width\" content=\"1480\" \/>\n\t<meta property=\"og:image:height\" content=\"608\" \/>\n\t<meta property=\"og:image:type\" content=\"image\/png\" \/>\n<meta name=\"twitter:card\" content=\"summary_large_image\" \/>\n<meta name=\"twitter:label1\" content=\"Est. reading time\" \/>\n\t<meta name=\"twitter:data1\" content=\"4 minutes\" \/>\n<script type=\"application\/ld+json\" class=\"yoast-schema-graph\">{\"@context\":\"https:\/\/schema.org\",\"@graph\":[{\"@type\":\"WebPage\",\"@id\":\"https:\/\/www.op-svab.com\/en\/general-terms-of-use-of-the-website\/\",\"url\":\"https:\/\/www.op-svab.com\/en\/general-terms-of-use-of-the-website\/\",\"name\":\"General terms of use of the website - Odvetni\u0161ka pisarna \u0160vab &amp; \u0160tepec\",\"isPartOf\":{\"@id\":\"https:\/\/www.op-svab.com\/en\/#website\"},\"datePublished\":\"2020-06-09T06:36:20+00:00\",\"dateModified\":\"2021-06-04T08:21:01+00:00\",\"breadcrumb\":{\"@id\":\"https:\/\/www.op-svab.com\/en\/general-terms-of-use-of-the-website\/#breadcrumb\"},\"inLanguage\":\"en-US\",\"potentialAction\":[{\"@type\":\"ReadAction\",\"target\":[\"https:\/\/www.op-svab.com\/en\/general-terms-of-use-of-the-website\/\"]}]},{\"@type\":\"BreadcrumbList\",\"@id\":\"https:\/\/www.op-svab.com\/en\/general-terms-of-use-of-the-website\/#breadcrumb\",\"itemListElement\":[{\"@type\":\"ListItem\",\"position\":1,\"name\":\"Home\",\"item\":\"https:\/\/www.op-svab.com\/en\/\"},{\"@type\":\"ListItem\",\"position\":2,\"name\":\"General terms of use of the website\"}]},{\"@type\":\"WebSite\",\"@id\":\"https:\/\/www.op-svab.com\/en\/#website\",\"url\":\"https:\/\/www.op-svab.com\/en\/\",\"name\":\"Odvetni\u0161ka pisarna \u0160vab & \u0160tepec\",\"description\":\"Vpra\u0161anja, spori, dokumenti, sodni postopki \u2013 zaupajte jih na\u0161im pravnim strokovnjakom! Sodni postopki niso edina, niti vedno najbolj primerna pot za iskanje pravice in zado\u0161\u010denja.\",\"publisher\":{\"@id\":\"https:\/\/www.op-svab.com\/en\/#organization\"},\"potentialAction\":[{\"@type\":\"SearchAction\",\"target\":{\"@type\":\"EntryPoint\",\"urlTemplate\":\"https:\/\/www.op-svab.com\/en\/?s={search_term_string}\"},\"query-input\":{\"@type\":\"PropertyValueSpecification\",\"valueRequired\":true,\"valueName\":\"search_term_string\"}}],\"inLanguage\":\"en-US\"},{\"@type\":\"Organization\",\"@id\":\"https:\/\/www.op-svab.com\/en\/#organization\",\"name\":\"Odvetni\u0161ka pisarna \u0160vab & \u0160tepec\",\"url\":\"https:\/\/www.op-svab.com\/en\/\",\"logo\":{\"@type\":\"ImageObject\",\"inLanguage\":\"en-US\",\"@id\":\"https:\/\/www.op-svab.com\/en\/#\/schema\/logo\/image\/\",\"url\":\"https:\/\/www.op-svab.com\/wp-content\/uploads\/2023\/09\/svab_stepec_logo_2_w160.png\",\"contentUrl\":\"https:\/\/www.op-svab.com\/wp-content\/uploads\/2023\/09\/svab_stepec_logo_2_w160.png\",\"width\":160,\"height\":218,\"caption\":\"Odvetni\u0161ka pisarna \u0160vab & \u0160tepec\"},\"image\":{\"@id\":\"https:\/\/www.op-svab.com\/en\/#\/schema\/logo\/image\/\"}}]}<\/script>\n<!-- \/ Yoast SEO plugin. -->","yoast_head_json":{"title":"General terms of use of the website - Odvetni\u0161ka pisarna \u0160vab &amp; \u0160tepec","robots":{"index":"index","follow":"follow","max-snippet":"max-snippet:-1","max-image-preview":"max-image-preview:large","max-video-preview":"max-video-preview:-1"},"canonical":"https:\/\/www.op-svab.com\/en\/general-terms-of-use-of-the-website\/","og_locale":"en_US","og_type":"article","og_title":"General terms of use of the website - Odvetni\u0161ka pisarna \u0160vab &amp; \u0160tepec","og_description":"1. Web Page Owner, administrator and service provider of this website ...","og_url":"https:\/\/www.op-svab.com\/en\/general-terms-of-use-of-the-website\/","og_site_name":"Odvetni\u0161ka pisarna \u0160vab &amp; \u0160tepec","article_modified_time":"2021-06-04T08:21:01+00:00","og_image":[{"width":1480,"height":608,"url":"https:\/\/www.op-svab.com\/wp-content\/uploads\/2023\/10\/svab_stepec_logo.png","type":"image\/png"}],"twitter_card":"summary_large_image","twitter_misc":{"Est. reading time":"4 minutes"},"schema":{"@context":"https:\/\/schema.org","@graph":[{"@type":"WebPage","@id":"https:\/\/www.op-svab.com\/en\/general-terms-of-use-of-the-website\/","url":"https:\/\/www.op-svab.com\/en\/general-terms-of-use-of-the-website\/","name":"General terms of use of the website - Odvetni\u0161ka pisarna \u0160vab &amp; \u0160tepec","isPartOf":{"@id":"https:\/\/www.op-svab.com\/en\/#website"},"datePublished":"2020-06-09T06:36:20+00:00","dateModified":"2021-06-04T08:21:01+00:00","breadcrumb":{"@id":"https:\/\/www.op-svab.com\/en\/general-terms-of-use-of-the-website\/#breadcrumb"},"inLanguage":"en-US","potentialAction":[{"@type":"ReadAction","target":["https:\/\/www.op-svab.com\/en\/general-terms-of-use-of-the-website\/"]}]},{"@type":"BreadcrumbList","@id":"https:\/\/www.op-svab.com\/en\/general-terms-of-use-of-the-website\/#breadcrumb","itemListElement":[{"@type":"ListItem","position":1,"name":"Home","item":"https:\/\/www.op-svab.com\/en\/"},{"@type":"ListItem","position":2,"name":"General terms of use of the website"}]},{"@type":"WebSite","@id":"https:\/\/www.op-svab.com\/en\/#website","url":"https:\/\/www.op-svab.com\/en\/","name":"Odvetni\u0161ka pisarna \u0160vab & \u0160tepec","description":"Vpra\u0161anja, spori, dokumenti, sodni postopki \u2013 zaupajte jih na\u0161im pravnim strokovnjakom! Sodni postopki niso edina, niti vedno najbolj primerna pot za iskanje pravice in zado\u0161\u010denja.","publisher":{"@id":"https:\/\/www.op-svab.com\/en\/#organization"},"potentialAction":[{"@type":"SearchAction","target":{"@type":"EntryPoint","urlTemplate":"https:\/\/www.op-svab.com\/en\/?s={search_term_string}"},"query-input":{"@type":"PropertyValueSpecification","valueRequired":true,"valueName":"search_term_string"}}],"inLanguage":"en-US"},{"@type":"Organization","@id":"https:\/\/www.op-svab.com\/en\/#organization","name":"Odvetni\u0161ka pisarna \u0160vab & \u0160tepec","url":"https:\/\/www.op-svab.com\/en\/","logo":{"@type":"ImageObject","inLanguage":"en-US","@id":"https:\/\/www.op-svab.com\/en\/#\/schema\/logo\/image\/","url":"https:\/\/www.op-svab.com\/wp-content\/uploads\/2023\/09\/svab_stepec_logo_2_w160.png","contentUrl":"https:\/\/www.op-svab.com\/wp-content\/uploads\/2023\/09\/svab_stepec_logo_2_w160.png","width":160,"height":218,"caption":"Odvetni\u0161ka pisarna \u0160vab & \u0160tepec"},"image":{"@id":"https:\/\/www.op-svab.com\/en\/#\/schema\/logo\/image\/"}}]}},"uagb_featured_image_src":{"full":false,"thumbnail":false,"medium":false,"medium_large":false,"large":false,"1536x1536":false,"2048x2048":false,"codevz_360_320":false,"codevz_600_600":false,"codevz_1200_200":false,"codevz_1200_500":false,"codevz_600_1000":false,"codevz_600_9999":false},"uagb_author_info":{"display_name":"tomaz","author_link":"https:\/\/www.op-svab.com\/en\/author\/tomaz\/"},"uagb_comment_info":0,"uagb_excerpt":"1. Web Page Owner, administrator and service provider of this website ...","_links":{"self":[{"href":"https:\/\/www.op-svab.com\/en\/wp-json\/wp\/v2\/pages\/1882","targetHints":{"allow":["GET"]}}],"collection":[{"href":"https:\/\/www.op-svab.com\/en\/wp-json\/wp\/v2\/pages"}],"about":[{"href":"https:\/\/www.op-svab.com\/en\/wp-json\/wp\/v2\/types\/page"}],"author":[{"embeddable":true,"href":"https:\/\/www.op-svab.com\/en\/wp-json\/wp\/v2\/users\/1"}],"replies":[{"embeddable":true,"href":"https:\/\/www.op-svab.com\/en\/wp-json\/wp\/v2\/comments?post=1882"}],"version-history":[{"count":1,"href":"https:\/\/www.op-svab.com\/en\/wp-json\/wp\/v2\/pages\/1882\/revisions"}],"predecessor-version":[{"id":1884,"href":"https:\/\/www.op-svab.com\/en\/wp-json\/wp\/v2\/pages\/1882\/revisions\/1884"}],"wp:attachment":[{"href":"https:\/\/www.op-svab.com\/en\/wp-json\/wp\/v2\/media?parent=1882"}],"curies":[{"name":"wp","href":"https:\/\/api.w.org\/{rel}","templated":true}]}}