{"id":1596,"date":"2020-05-26T10:40:36","date_gmt":"2020-05-26T09:40:36","guid":{"rendered":"https:\/\/www.op-svab.com\/pravno-obvestilo\/"},"modified":"2021-06-04T10:29:31","modified_gmt":"2021-06-04T08:29:31","slug":"terms-of-use","status":"publish","type":"page","link":"https:\/\/www.op-svab.com\/en\/terms-of-use\/","title":{"rendered":"Terms of use"},"content":{"rendered":"\n<h2 class=\"wp-block-heading\"><strong>Splo\u0161ni pogoji uporabe spletne strani<\/strong><\/h2>\n\n<h3 class=\"wp-block-heading\"><strong>1. Spletna stran<\/strong><\/h3>\n\n<p class=\"has-text-align-justify\">Lastnik, administrator ter izvajalec storitev te spletne strani <a href=\"http:\/\/www.op-svab.com\" class=\"ek-link\">www.op-svab.com<\/a> in vseh morebitnih podstrani navedene spletne strani (\u00bb<strong>Spletna stran<\/strong>\u00ab) je Odvetni\u0161ka pisarna \u0160vab, odvetnik Luka \u0160vab (\u00bb<strong>Odvetni\u0161ka pisarna \u0160vab<\/strong>\u00ab), Dimi\u010deva ulica 16, 1000 Ljubljana, mati\u010dna \u0161t. 2666472000.<\/p>\n\n<p class=\"has-text-align-justify\">Dostop in uporaba Spletne strani sta dopustna pod pogoji, ki jih dolo\u010dajo veljavna zakonodaja Republike Slovenije, ti Splo\u0161ni pogoji uporabe spletne strani (\u00bb<strong>Splo\u0161ni pogoji uporabe<\/strong>\u00ab) ter drugi predpisi, na katere se ti Splo\u0161ni pogoji uporabe sklicujejo.<\/p>\n\n<h3 class=\"wp-block-heading\"><strong>2.<\/strong> <strong>Pogoji uporabe<\/strong><\/h3>\n\n<p class=\"has-text-align-justify\">Vsebine in informacije, dostopne na tej Spletni strani in ki jih zagotavlja Odvetni\u0161ka pisarna \u0160vab, so namenjene izklju\u010dno za informativne namene. Ne vsebujejo pravnih nasvetov, pravnih mnenj ali kak\u0161nih koli drugih nasvetov v povezavi s posebnimi dejstvi in okoli\u0161\u010dinami.<\/p>\n\n<p class=\"has-text-align-justify\">Odvetni\u0161ka pisarna \u0160vab v zvezi z informacijami na tej spletni strani ne jam\u010di in ne zagotavlja njihove to\u010dnosti, popolnosti in primernosti za kakr\u0161ne koli namene. Odvetni\u0161ka pisarna \u0160vab pod nobenim pogojem ni od\u0161kodninsko odgovorna vam ali komur koli drugemu zaradi va\u0161ega dostopa ali uporabe gradiva na tej spletni strani. \u010ceprav si Odvetni\u0161ka pisarna \u0160vab prizadeva, da gradiva na tej Spletni strani vseskozi posodablja, so informacije na tej spletni strani na voljo le kot splo\u0161ne informacije, ki lahko ali pa tudi ne odra\u017eajo najnovej\u0161ega razvoja na podro\u010dju prava. Preden ukrepate na podlagi informacij na tej Spletni strani, se posvetujte s pravnim strokovnjakom.<\/p>\n\n<h3 class=\"wp-block-heading\"><strong>3<\/strong><strong>. Vsebina Spletne strani<\/strong><\/h3>\n\n<p class=\"has-text-align-justify\">Odvetni\u0161ka pisarna \u0160vab si prizadeva, da je vsebina Spletne strani posodobljena in vsebuje pravilne informacije in gradiva, vendar pa to\u010dnosti, celovitosti in a\u017eurnosti ne zagotavlja in k temu ni zavezana. Ne prevzema nobene odgovornosti za \u0161kodo zaradi nedostopnosti, spremembe, pomanjkljivosti, napake ali zastarelosti informacij, objavljenih na Spletni strani. Prav tako ne zagotavlja, da bo Spletna stran ali katerakoli vsebina na njej vedno dostopna oz. da bo dostop nemoten. Spletno stran ali njene dele lahko kadarkoli umakne ali spremeni brez predhodnega opozorila.<\/p>\n\n<p class=\"has-text-align-justify\">Vsebina objavljena na Spletni strani je splo\u0161nega informativnega zna\u010daja in ne predstavlja pravnega nasveta ali druge pravne pomo\u010di, na katero se lahko zanesete. Za uporabo informacij, ki so objavljene na Spletni strani, ne odgovarja. \u010ce Spletna stran vsebuje povezave do drugih spletnih strani in vsebine na teh spletnih strani, so tak\u0161ne povezave zgolj informativne narave. Nad vsebino na teh spletnih straneh nimamo kontrole ali vpliva.<\/p>\n\n<p class=\"has-text-align-justify\">\u010ce \u017eelite prejeti ve\u010d informacij o vsebini, ki je objavljena na spletni strani, nas kontaktirajte na <a href=\"mailto:info@op-svab.com\" class=\"ek-link\">info@op-svab.com.<\/a><\/p>\n\n<h3 class=\"wp-block-heading\"><strong>4<\/strong><strong>. Pravice intelektualne lastnine<\/strong><\/h3>\n\n<p class=\"has-text-align-justify\">Odvetni\u0161ka pisarna \u0160vab je imetniki vseh avtorskih pravic na vsebini, objavljeni na Spletni strani. Za zasebno uporabo lahko tiskate, kopirate ali shranite dele Spletne strani za nekomercialne namene. Gradiva na Spletni strani ne smete brez na\u0161ega predhodnega pisnega soglasja uporabljati v poslovne namene.<\/p>\n\n<p class=\"has-text-align-justify\">Na spletni strani, katere lastnik ste, lahko ustvarjate povezave na doma\u010do Spletno stran na na\u010din, ki je skladen s pravom in ne \u0161koduje na\u0161emu dobremu imenu, ugledu ali poslovanju oz. na na\u010din, da se ne okoristite z ugledom Odvetni\u0161ke pisarne \u0160vab neupravi\u010deno. Prepovedano je objavljanje povezav na Spletno stran, ki nakazujejo ali bi lahko nakazovale na kakr\u0161nokoli povezovanje, sodelovanje ali potrditev s strani Odvetni\u0161ke pisarne \u0160vab, ki pa ne obstaja.<\/p>\n\n<p class=\"has-text-align-justify\">Pridr\u017eujemo si pravico, da kadarkoli lahko umaknemo dovoljenje za objavljanje povezav na Spletno stran in\/ali brez navedbe razloga zahteva, da takoj umaknete kakr\u0161nokoli povezavo na Spletno stran.<\/p>\n\n<h3 class=\"wp-block-heading\"><strong>5<\/strong><strong>. Varstvo osebnih podatkov<\/strong><\/h3>\n\n<p>Ve\u010d o obdelavi osebnih podatkov je navedeno v <a href=\"#politika-zasebnosti\" class=\"ek-link\"><strong>Politiki zasebnosti<\/strong><\/a>.<\/p>\n\n<h3 class=\"wp-block-heading\"><strong>6<\/strong><strong>. Spremembe Splo\u0161nih pogojev uporabe<\/strong><\/h3>\n\n<p class=\"has-text-align-justify\">Splo\u0161ne pogoje uporabe se lahko kadarkoli spremenijo. Ob obisku Spletne strani po uveljavitvi spremembe Splo\u0161nih pogojev uporabe, vas bodo zavezovali spremenjeni Splo\u0161ni pogoji uporabe, zato svetujemo, da ob\u010dasno preverite njihovo vsebino.<\/p>\n\n<h3 class=\"wp-block-heading\"><strong>7<\/strong><strong>. Pravo<\/strong><\/h3>\n\n<p class=\"has-text-align-justify\">Splo\u0161ni pogoji uporabe se presojajo po pravu Republike Slovenije.<\/p>\n\n<h3 class=\"wp-block-heading\"><strong>8<\/strong><strong>. Kontakt<\/strong><\/h3>\n\n<p class=\"has-text-align-justify\">Za kakr\u0161nakoli vpra\u0161anja v povezavi s temi Splo\u0161nimi pogoji uporabe nas kontaktirajte na <a href=\"mailto:info@op-svab.com\" class=\"ek-link\">info@op-svab.com<\/a>.<\/p>\n\n<p class=\"has-text-align-justify\">Zahvaljujemo se vam za obisk na\u0161e Spletne strani.<\/p>\n\n<h2 class=\"wp-block-heading\" id=\"politika-zasebnosti\">Privacy policy<\/h2>\n\n<p class=\"has-text-align-justify\">V Odvetni\u0161ki pisarni \u0160vab, odvetnik Luka \u0160vab, mati\u010dna \u0161tevilka 2666472000, s poslovnim naslovom na Dimi\u010devi ulici 16, 1000 Ljubljana, obravnavamo varstvo va\u0161ih osebnih podatkov resno in odgovorno. Z osebnimi podatki, ki nam jih zaupate, ravnamo skladno s Splo\u0161no uredbo o varstvu podatkov (GDPR), veljavnim Zakonom o varstvu osebnih podatkov ter drugimi veljavnimi predpisi s podro\u010dja varstva osebnih podatkov.<\/p>\n\n<p class=\"has-text-align-justify\">Za nas kot upravljavca je pomembno, da razumete, kaj po\u010dnemo z va\u0161imi osebnimi podatki in kako skrbimo za njihovo varnost, zato priporo\u010damo, da se seznanite z vsebino tega dokumenta. \u010ce boste imeli v zvezi z va\u0161o obdelavo osebnih podatkov kakr\u0161nakoli vpra\u0161anja ali zahteve, nam jih po\u0161ljite na <a href=\"mailto:info@op-svab.com\">info@op-svab.com<\/a>.<\/p>\n\n<p class=\"has-text-align-justify\">Odvetni\u0161ka pisarna \u0160vab lahko zbira domenska imena doma\u010dih stre\u017enikov, e-po\u0161tne naslove, podatke o vrsti ra\u010dunalnika in vrsti spletnega brskalnika uporabnikov te spletne strani. Ve\u010d o tem si lahko preberete v na\u0161i <a href=\"\/piskotki\" class=\"ek-link\">Politiki pi\u0161kotkov<\/a>.<\/p>\n\n<p class=\"has-text-align-justify\">Odvetni\u0161ka pisarna \u0160vab lahko osebne podatke, ki jih zbira, uporabi za izra\u010dun splo\u0161ne statistike uporabe spletnega mesta, za interne tr\u017ene in promocijske namene, za razvoj izdelkov, izbolj\u0161anje vsebine in za stik z vami ter za posredovanje informacij, ki ste jih zahtevali.<\/p>\n\n<h4 class=\"wp-block-heading\"><strong>Katere va\u0161e osebne podatke obdelujemo in za kak\u0161en namen?<\/strong><\/h4>\n\n<p class=\"has-text-align-justify\">Z namenom, da vam posredujemo obvestila in novice o dogodkih in spremembah zakonodaje, obdelujemo va\u0161e ime in priimek, elektronski naslov, telefon, naziv in naslov dru\u017ebe, kjer ste zaposleni, ter va\u0161o funkcijo.<\/p>\n\n<h4 class=\"wp-block-heading\"><strong>Na\u0161a spletna stran uporablja pi\u0161kotke. Ve\u010d o pi\u0161kotkih si lahko preberete <a href=\"\/piskotki\/\" class=\"ek-link\">tukaj<\/a>.<\/strong><\/h4>\n\n<p class=\"has-text-align-justify\">Prosimo upo\u0161tevajte, da lahko pi\u0161kotke kadarkoli zavrnete. Kljub temu pa upo\u0161tevajte, da lahko to povzro\u010di popolno ali delno nezmo\u017enost uporabljati na\u0161o spletno stran in njene funkcije.<\/p>\n\n<h4 class=\"wp-block-heading\"><strong>Na kateri pravni podlagi obdelujemo va\u0161e osebne podatke?<\/strong><\/h4>\n\n<p class=\"has-text-align-justify\">Va\u0161e osebne podatke obdelujemo na podlagi va\u0161e izrecne privolitve.<\/p>\n\n<h4 class=\"wp-block-heading\"><strong>Kako dolgo hranimo va\u0161e osebne podatke?<\/strong><\/h4>\n\n<p class=\"has-text-align-justify\">Va\u0161e osebne podatke bomo hranili, dokler ne prekli\u010dete svojega soglasja, vendar najdlje pet let po preteku koledarskega leta, v katerem ste podali svoje soglasje.<\/p>\n\n<h4 class=\"wp-block-heading\"><strong>Ali bomo va\u0161e osebne podatke razkrili tretjim osebam ali jih prenesli izven EU?<\/strong><\/h4>\n\n<p>Va\u0161ih osebnih podatkov ne bomo razkrili oziroma posredovali tretjim osebam.<\/p>\n\n<h4 class=\"wp-block-heading\"><strong>Kak\u0161ne so va\u0161e pravice glede obdelave osebnih podatkov?<\/strong><\/h4>\n\n<p class=\"has-text-align-justify\">Kadarkoli lahko zahtevate dostop do svojih osebnih podatkov, njihov popravek ali izbris, zahtevate omejitev obdelave ali ugovarjate obdelavi. Imate tudi pravico do prenosljivosti va\u0161ih osebnih podatkov. Zahtevo glede uresni\u010devanja va\u0161ih pravic glede obdelave osebnih podatkov nam lahko po\u0161ljete na <a href=\"mailto:info@op-svab.com\" class=\"ek-link\">info@op-svab.com.<\/a><\/p>\n\n<p class=\"has-text-align-justify\">Svojo privolitev v obdelavo osebnih podatkov za po\u0161iljanje obvestil in novic lahko kadarkoli prekli\u010dete, pri \u010demer preklic privolitve ne vpliva na zakonitost obdelave osebnih podatkov na podlagi te privolitve za obdobje pred preklicem.<\/p>\n\n<p class=\"has-text-align-justify\">Pod pogoji, ki jih dolo\u010da veljavna zakonodaja, vas bomo obvestili v primeru kr\u0161itve varstva osebnih podatkov.<\/p>\n\n<p class=\"has-text-align-justify\">Va\u0161e zahteve bomo izvr\u0161ili brez nepotrebnega odla\u0161anja in v vsakem primeru v enem mesecu po prejemu zahteve, razen \u010de veljavni predpisi ne dolo\u010dajo druga\u010de. Ob upo\u0161tevanju kompleksnosti in \u0161tevila zahtev se lahko ta rok podalj\u0161a za najve\u010d dva meseca. O vsakem tak\u0161nem podalj\u0161anju vas bomo obvestili v enem mesecu po prejemu zahteve skupaj z razlogi za zamudo.<\/p>\n\n<p class=\"has-text-align-justify\">\u010ce menite, da va\u0161ih osebnih podatkov ne obdelujemo v skladu z veljavno zakonodajo, lahko pri Informacijskem poobla\u0161\u010dencu vlo\u017eite prito\u017ebo na elektronski naslov\u00a0<a rel=\"noreferrer noopener\" href=\"mailto:gp.ip@ip-rs.si\" target=\"_blank\">gp.ip@ip-rs.si<\/a> oz. po po\u0161ti na naslov Zalo\u0161ka cesta 59, 1000 Ljubljana.<\/p>\n\n<p><\/p>\n\n<p>Splo\u0161ni pogoji veljajo od dne 1. 7. 2020.<\/p>\n","protected":false},"excerpt":{"rendered":"<p>Splo\u0161ni pogoji uporabe spletne strani 1. Spletna stran Lastnik, administrator ter &#8230; <\/p>\n","protected":false},"author":1,"featured_media":0,"parent":0,"menu_order":0,"comment_status":"closed","ping_status":"open","template":"","meta":{"_editorskit_title_hidden":false,"_editorskit_reading_time":5,"_editorskit_is_block_options_detached":false,"_editorskit_block_options_position":"{}","_uag_custom_page_level_css":"","footnotes":""},"class_list":["post-1596","page","type-page","status-publish","hentry"],"yoast_head":"<!-- This site is optimized with the Yoast SEO plugin v27.0 - https:\/\/yoast.com\/product\/yoast-seo-wordpress\/ -->\n<title>Terms of use - Odvetni\u0161ka pisarna \u0160vab &amp; \u0160tepec<\/title>\n<meta name=\"robots\" content=\"index, follow, max-snippet:-1, max-image-preview:large, max-video-preview:-1\" \/>\n<link rel=\"canonical\" href=\"https:\/\/www.op-svab.com\/en\/terms-of-use\/\" \/>\n<meta property=\"og:locale\" content=\"en_US\" \/>\n<meta property=\"og:type\" content=\"article\" \/>\n<meta property=\"og:title\" content=\"Terms of use - Odvetni\u0161ka pisarna \u0160vab &amp; \u0160tepec\" \/>\n<meta property=\"og:description\" content=\"Splo\u0161ni pogoji uporabe spletne strani 1. Spletna stran Lastnik, administrator ter ...\" \/>\n<meta property=\"og:url\" content=\"https:\/\/www.op-svab.com\/en\/terms-of-use\/\" \/>\n<meta property=\"og:site_name\" content=\"Odvetni\u0161ka pisarna \u0160vab &amp; \u0160tepec\" \/>\n<meta property=\"article:modified_time\" content=\"2021-06-04T08:29:31+00:00\" \/>\n<meta property=\"og:image\" content=\"https:\/\/www.op-svab.com\/wp-content\/uploads\/2023\/10\/svab_stepec_logo.png\" \/>\n\t<meta property=\"og:image:width\" content=\"1480\" \/>\n\t<meta property=\"og:image:height\" content=\"608\" \/>\n\t<meta property=\"og:image:type\" content=\"image\/png\" \/>\n<meta name=\"twitter:card\" content=\"summary_large_image\" \/>\n<meta name=\"twitter:label1\" content=\"Est. reading time\" \/>\n\t<meta name=\"twitter:data1\" content=\"6 minutes\" \/>\n<script type=\"application\/ld+json\" class=\"yoast-schema-graph\">{\"@context\":\"https:\/\/schema.org\",\"@graph\":[{\"@type\":\"WebPage\",\"@id\":\"https:\/\/www.op-svab.com\/en\/terms-of-use\/\",\"url\":\"https:\/\/www.op-svab.com\/en\/terms-of-use\/\",\"name\":\"Terms of use - Odvetni\u0161ka pisarna \u0160vab &amp; \u0160tepec\",\"isPartOf\":{\"@id\":\"https:\/\/www.op-svab.com\/en\/#website\"},\"datePublished\":\"2020-05-26T09:40:36+00:00\",\"dateModified\":\"2021-06-04T08:29:31+00:00\",\"breadcrumb\":{\"@id\":\"https:\/\/www.op-svab.com\/en\/terms-of-use\/#breadcrumb\"},\"inLanguage\":\"en-US\",\"potentialAction\":[{\"@type\":\"ReadAction\",\"target\":[\"https:\/\/www.op-svab.com\/en\/terms-of-use\/\"]}]},{\"@type\":\"BreadcrumbList\",\"@id\":\"https:\/\/www.op-svab.com\/en\/terms-of-use\/#breadcrumb\",\"itemListElement\":[{\"@type\":\"ListItem\",\"position\":1,\"name\":\"Home\",\"item\":\"https:\/\/www.op-svab.com\/en\/\"},{\"@type\":\"ListItem\",\"position\":2,\"name\":\"Terms of use\"}]},{\"@type\":\"WebSite\",\"@id\":\"https:\/\/www.op-svab.com\/en\/#website\",\"url\":\"https:\/\/www.op-svab.com\/en\/\",\"name\":\"Odvetni\u0161ka pisarna \u0160vab & \u0160tepec\",\"description\":\"Vpra\u0161anja, spori, dokumenti, sodni postopki \u2013 zaupajte jih na\u0161im pravnim strokovnjakom! Sodni postopki niso edina, niti vedno najbolj primerna pot za iskanje pravice in zado\u0161\u010denja.\",\"publisher\":{\"@id\":\"https:\/\/www.op-svab.com\/en\/#organization\"},\"potentialAction\":[{\"@type\":\"SearchAction\",\"target\":{\"@type\":\"EntryPoint\",\"urlTemplate\":\"https:\/\/www.op-svab.com\/en\/?s={search_term_string}\"},\"query-input\":{\"@type\":\"PropertyValueSpecification\",\"valueRequired\":true,\"valueName\":\"search_term_string\"}}],\"inLanguage\":\"en-US\"},{\"@type\":\"Organization\",\"@id\":\"https:\/\/www.op-svab.com\/en\/#organization\",\"name\":\"Odvetni\u0161ka pisarna \u0160vab & \u0160tepec\",\"url\":\"https:\/\/www.op-svab.com\/en\/\",\"logo\":{\"@type\":\"ImageObject\",\"inLanguage\":\"en-US\",\"@id\":\"https:\/\/www.op-svab.com\/en\/#\/schema\/logo\/image\/\",\"url\":\"https:\/\/www.op-svab.com\/wp-content\/uploads\/2023\/09\/svab_stepec_logo_2_w160.png\",\"contentUrl\":\"https:\/\/www.op-svab.com\/wp-content\/uploads\/2023\/09\/svab_stepec_logo_2_w160.png\",\"width\":160,\"height\":218,\"caption\":\"Odvetni\u0161ka pisarna \u0160vab & \u0160tepec\"},\"image\":{\"@id\":\"https:\/\/www.op-svab.com\/en\/#\/schema\/logo\/image\/\"}}]}<\/script>\n<!-- \/ Yoast SEO plugin. -->","yoast_head_json":{"title":"Terms of use - Odvetni\u0161ka pisarna \u0160vab &amp; \u0160tepec","robots":{"index":"index","follow":"follow","max-snippet":"max-snippet:-1","max-image-preview":"max-image-preview:large","max-video-preview":"max-video-preview:-1"},"canonical":"https:\/\/www.op-svab.com\/en\/terms-of-use\/","og_locale":"en_US","og_type":"article","og_title":"Terms of use - Odvetni\u0161ka pisarna \u0160vab &amp; \u0160tepec","og_description":"Splo\u0161ni pogoji uporabe spletne strani 1. Spletna stran Lastnik, administrator ter ...","og_url":"https:\/\/www.op-svab.com\/en\/terms-of-use\/","og_site_name":"Odvetni\u0161ka pisarna \u0160vab &amp; \u0160tepec","article_modified_time":"2021-06-04T08:29:31+00:00","og_image":[{"width":1480,"height":608,"url":"https:\/\/www.op-svab.com\/wp-content\/uploads\/2023\/10\/svab_stepec_logo.png","type":"image\/png"}],"twitter_card":"summary_large_image","twitter_misc":{"Est. reading time":"6 minutes"},"schema":{"@context":"https:\/\/schema.org","@graph":[{"@type":"WebPage","@id":"https:\/\/www.op-svab.com\/en\/terms-of-use\/","url":"https:\/\/www.op-svab.com\/en\/terms-of-use\/","name":"Terms of use - Odvetni\u0161ka pisarna \u0160vab &amp; \u0160tepec","isPartOf":{"@id":"https:\/\/www.op-svab.com\/en\/#website"},"datePublished":"2020-05-26T09:40:36+00:00","dateModified":"2021-06-04T08:29:31+00:00","breadcrumb":{"@id":"https:\/\/www.op-svab.com\/en\/terms-of-use\/#breadcrumb"},"inLanguage":"en-US","potentialAction":[{"@type":"ReadAction","target":["https:\/\/www.op-svab.com\/en\/terms-of-use\/"]}]},{"@type":"BreadcrumbList","@id":"https:\/\/www.op-svab.com\/en\/terms-of-use\/#breadcrumb","itemListElement":[{"@type":"ListItem","position":1,"name":"Home","item":"https:\/\/www.op-svab.com\/en\/"},{"@type":"ListItem","position":2,"name":"Terms of use"}]},{"@type":"WebSite","@id":"https:\/\/www.op-svab.com\/en\/#website","url":"https:\/\/www.op-svab.com\/en\/","name":"Odvetni\u0161ka pisarna \u0160vab & \u0160tepec","description":"Vpra\u0161anja, spori, dokumenti, sodni postopki \u2013 zaupajte jih na\u0161im pravnim strokovnjakom! Sodni postopki niso edina, niti vedno najbolj primerna pot za iskanje pravice in zado\u0161\u010denja.","publisher":{"@id":"https:\/\/www.op-svab.com\/en\/#organization"},"potentialAction":[{"@type":"SearchAction","target":{"@type":"EntryPoint","urlTemplate":"https:\/\/www.op-svab.com\/en\/?s={search_term_string}"},"query-input":{"@type":"PropertyValueSpecification","valueRequired":true,"valueName":"search_term_string"}}],"inLanguage":"en-US"},{"@type":"Organization","@id":"https:\/\/www.op-svab.com\/en\/#organization","name":"Odvetni\u0161ka pisarna \u0160vab & \u0160tepec","url":"https:\/\/www.op-svab.com\/en\/","logo":{"@type":"ImageObject","inLanguage":"en-US","@id":"https:\/\/www.op-svab.com\/en\/#\/schema\/logo\/image\/","url":"https:\/\/www.op-svab.com\/wp-content\/uploads\/2023\/09\/svab_stepec_logo_2_w160.png","contentUrl":"https:\/\/www.op-svab.com\/wp-content\/uploads\/2023\/09\/svab_stepec_logo_2_w160.png","width":160,"height":218,"caption":"Odvetni\u0161ka pisarna \u0160vab & \u0160tepec"},"image":{"@id":"https:\/\/www.op-svab.com\/en\/#\/schema\/logo\/image\/"}}]}},"uagb_featured_image_src":{"full":false,"thumbnail":false,"medium":false,"medium_large":false,"large":false,"1536x1536":false,"2048x2048":false,"codevz_360_320":false,"codevz_600_600":false,"codevz_1200_200":false,"codevz_1200_500":false,"codevz_600_1000":false,"codevz_600_9999":false},"uagb_author_info":{"display_name":"tomaz","author_link":"https:\/\/www.op-svab.com\/en\/author\/tomaz\/"},"uagb_comment_info":0,"uagb_excerpt":"Splo\u0161ni pogoji uporabe spletne strani 1. Spletna stran Lastnik, administrator ter ...","_links":{"self":[{"href":"https:\/\/www.op-svab.com\/en\/wp-json\/wp\/v2\/pages\/1596","targetHints":{"allow":["GET"]}}],"collection":[{"href":"https:\/\/www.op-svab.com\/en\/wp-json\/wp\/v2\/pages"}],"about":[{"href":"https:\/\/www.op-svab.com\/en\/wp-json\/wp\/v2\/types\/page"}],"author":[{"embeddable":true,"href":"https:\/\/www.op-svab.com\/en\/wp-json\/wp\/v2\/users\/1"}],"replies":[{"embeddable":true,"href":"https:\/\/www.op-svab.com\/en\/wp-json\/wp\/v2\/comments?post=1596"}],"version-history":[{"count":5,"href":"https:\/\/www.op-svab.com\/en\/wp-json\/wp\/v2\/pages\/1596\/revisions"}],"predecessor-version":[{"id":1887,"href":"https:\/\/www.op-svab.com\/en\/wp-json\/wp\/v2\/pages\/1596\/revisions\/1887"}],"wp:attachment":[{"href":"https:\/\/www.op-svab.com\/en\/wp-json\/wp\/v2\/media?parent=1596"}],"curies":[{"name":"wp","href":"https:\/\/api.w.org\/{rel}","templated":true}]}}