{"id":1486,"date":"2020-05-28T22:23:23","date_gmt":"2020-05-28T21:23:23","guid":{"rendered":"https:\/\/www.op-svab.com\/podrocja\/"},"modified":"2020-07-06T12:22:28","modified_gmt":"2020-07-06T10:22:28","slug":"areas","status":"publish","type":"page","link":"https:\/\/www.op-svab.com\/en\/areas\/","title":{"rendered":"Areas"},"content":{"rendered":"<div class=\"wpb-content-wrapper\"><p>[vc_row full_width=&#8221;stretch_row&#8221; css=&#8221;.vc_custom_1591735128500{padding-top: 8vh !important;padding-bottom: 6vh !important;background-color: #141a20 !important;}&#8221;][vc_column]<div id=\"cz_20288\" class=\"cz_20288 cz_title clr cz_title_pos_inline\"><div class=\"cz_title_content\"><div class=\"cz_wpe_content\"><h1>Areas<\/h1>\n<\/div><\/div><\/div><div class=\"cz_gap clr \" style=\"height: 50px\"><\/div><div id=\"cz_65862\" class=\"cz_65862 cz_title clr cz_title_pos_inline\"><div class=\"cz_title_content\"><div class=\"cz_wpe_content\"><p><span style=\"color: #ffffff;\">It is not your job to find the specific legal area for your question, problem or experience. We will take care of it. Whether it is an individual everyday question, or a specific question from the leader of a company, we find answers and solutions. We then ensure the involvement of relevant experts or specialists. No one succeeds alone, so we work as a team together with you.<\/span><\/p>\n<\/div><\/div><\/div>[\/vc_column][\/vc_row][vc_row css=&#8221;.vc_custom_1594030756089{padding-top: 6vh !important;padding-bottom: 6vh !important;}&#8221; el_id=&#8221;legal-entities&#8221;][vc_column width=&#8221;7\/12&#8243;]<div id=\"cz_87513\" class=\"cz_87513 cz_title clr cz_title_pos_inline\"><div class=\"cz_title_content\"><div class=\"cz_wpe_content\"><h3>Legal entities:<\/h3>\n<\/div><\/div><\/div><div class=\"cz_gap clr \" style=\"height: 28px\"><\/div><div id=\"cz_69611\" class=\"cz_69611 cz_title clr cz_title_pos_inline\"><div class=\"cz_title_content\"><div class=\"cz_wpe_content\"><p>Business, trade, and the economy in general, are becoming increasingly complex bureaucratically, linguistically, and technologically.<\/p>\n<p>&nbsp;<\/p>\n<p>Our experts provide <strong>up-to-date, effective and customer-friendly legal advice and support.<\/strong><\/p>\n<\/div><\/div><\/div><div class=\"cz_gap clr \" style=\"height: 50px\"><\/div>[\/vc_column][vc_column width=&#8221;5\/12&#8243;]<div id=\"cz_76394\" data-position=\"top-right\" class=\"cz_76394 cz_image clr cz_image_no_fx center_on_mobile\"><div class=\"\" ><div class=\"cz_image_in\"><div class=\"cz_main_image\"><img fetchpriority=\"high\" loading=\"eager\" decoding=\"sync\" data-no-lazy=\"1\" width=\"1200\" height=\"800\" src=\"https:\/\/www.op-svab.com\/wp-content\/uploads\/2020\/06\/poslovno-pravno-svetovanje.jpg\" class=\"attachment-full\" alt=\"Na\u0161i strokovnjaki zagotavljajo a\u017eurno, efektivno in strankam prilagojeno pravno svetovanje in podporo \" title=\"Na\u0161i strokovnjaki zagotavljajo a\u017eurno, efektivno in strankam prilagojeno pravno svetovanje in podporo.\" srcset=\"https:\/\/www.op-svab.com\/wp-content\/uploads\/2020\/06\/poslovno-pravno-svetovanje.jpg 1200w, https:\/\/www.op-svab.com\/wp-content\/uploads\/2020\/06\/poslovno-pravno-svetovanje-300x200.jpg 300w, https:\/\/www.op-svab.com\/wp-content\/uploads\/2020\/06\/poslovno-pravno-svetovanje-1024x683.jpg 1024w, https:\/\/www.op-svab.com\/wp-content\/uploads\/2020\/06\/poslovno-pravno-svetovanje-768x512.jpg 768w, https:\/\/www.op-svab.com\/wp-content\/uploads\/2020\/06\/poslovno-pravno-svetovanje-600x400.jpg 600w\" sizes=\"(max-width: 1200px) 100vw, 1200px\"  \/><\/div><\/div><\/div><\/div>[\/vc_column][\/vc_row][vc_row][vc_column]<div class=\"relative\"><div id=\"cz_85943\" class=\"cz_85943 cz_line tal\"><\/div><\/div><div class=\"clr\"><\/div>[\/vc_column][\/vc_row][vc_row css=&#8221;.vc_custom_1594030819651{padding-top: 6vh !important;padding-bottom: 8vh !important;}&#8221; el_id=&#8221;natural-persons&#8221;][vc_column width=&#8221;7\/12&#8243;]<div id=\"cz_79065\" class=\"cz_79065 cz_title clr cz_title_pos_inline\"><div class=\"cz_title_content\"><div class=\"cz_wpe_content\"><h3>Natural persons:<\/h3>\n<\/div><\/div><\/div><div class=\"cz_gap clr \" style=\"height: 28px\"><\/div><div id=\"cz_33141\" class=\"cz_33141 cz_title clr cz_title_pos_inline\"><div class=\"cz_title_content\"><div class=\"cz_wpe_content\"><p>We are aware that the experiences, contentious relationships, and issues of our clients are very personal and intimate in nature. So it is essential for us that the client trusts us and feels safe with us, that they know they are in good hands.<\/p>\n<p>&nbsp;<\/p>\n<p><strong>The interests, desires and goals of individuals that come to us function as our guide,<\/strong> and our task is to find a way to achieve the outcomes our clients need.<\/p>\n<\/div><\/div><\/div><div class=\"cz_gap clr \" style=\"height: 50px\"><\/div>[\/vc_column][vc_column width=&#8221;5\/12&#8243;]<div id=\"cz_82948\" data-position=\"top-right\" class=\"cz_82948 cz_image clr cz_image_no_fx center_on_mobile\"><div class=\"\" ><div class=\"cz_image_in\"><div class=\"cz_main_image\"><img decoding=\"async\" width=\"1200\" height=\"800\" src=\"https:\/\/www.op-svab.com\/wp-content\/uploads\/2020\/06\/pravna-pomoc-fizicne-osebe-3.jpg\" class=\"attachment-full\" alt=\"Pravno svetovanje, pomo\u010d, podpora\" srcset=\"https:\/\/www.op-svab.com\/wp-content\/uploads\/2020\/06\/pravna-pomoc-fizicne-osebe-3.jpg 1200w, https:\/\/www.op-svab.com\/wp-content\/uploads\/2020\/06\/pravna-pomoc-fizicne-osebe-3-300x200.jpg 300w, https:\/\/www.op-svab.com\/wp-content\/uploads\/2020\/06\/pravna-pomoc-fizicne-osebe-3-1024x683.jpg 1024w, https:\/\/www.op-svab.com\/wp-content\/uploads\/2020\/06\/pravna-pomoc-fizicne-osebe-3-768x512.jpg 768w, https:\/\/www.op-svab.com\/wp-content\/uploads\/2020\/06\/pravna-pomoc-fizicne-osebe-3-600x400.jpg 600w\" sizes=\"auto, (max-width: 1200px) 100vw, 1200px\" loading=\"lazy\" \/><\/div><\/div><\/div><\/div>[\/vc_column][\/vc_row][vc_row full_width=&#8221;stretch_row&#8221; css=&#8221;.vc_custom_1590746820371{padding-top: 8vh !important;padding-bottom: 8vh !important;background-color: #fcfcfc !important;}&#8221;][vc_column width=&#8221;1\/3&#8243;]<div class=\"cz_eqh cz_content_box_parent_fx  \"><div id=\"cz_38469\" class=\"cz_38469 cz_content_box clr\"><div class=\"cz_box_front clr\"><div class=\"cz_box_front_inner clr \"><span><\/span><div><div id=\"cz_61952\" class=\"cz_61952 cz_title clr cz_title_pos_inline\"><div class=\"cz_title_content\"><div class=\"cz_wpe_content\"><h3>We provide legal advice, assistance, support and representation in the following areas:<\/h3>\n<\/div><\/div><\/div><\/div><\/div><\/div><\/div><\/div><div class=\"cz_gap clr \" style=\"height: 28px\"><\/div>[\/vc_column][vc_column width=&#8221;1\/3&#8243;]<div class=\"clr\"><ul id=\"cz_96683\" class=\"cz_96683 cz_stylish_list clr cz_sl_icon_hover_none\"><li class=\"clr\"><div class=\"cz_sl_icon\"><i class=\"fa fa-chevron-right mr10\"><\/i><\/div><div><span>Corporate law<\/span><\/div><\/li><li class=\"clr\"><div class=\"cz_sl_icon\"><i class=\"fa fa-chevron-right mr10\"><\/i><\/div><div><span>Business law<\/span><\/div><\/li><li class=\"clr\"><div class=\"cz_sl_icon\"><i class=\"fa fa-chevron-right mr10\"><\/i><\/div><div><span>Labour law<\/span><\/div><\/li><li class=\"clr\"><div class=\"cz_sl_icon\"><i class=\"fa fa-chevron-right mr10\"><\/i><\/div><div><span>Contract law<\/span><\/div><\/li><li class=\"clr\"><div class=\"cz_sl_icon\"><i class=\"fa fa-chevron-right mr10\"><\/i><\/div><div><span>Real estate law<\/span><\/div><\/li><li class=\"clr\"><div class=\"cz_sl_icon\"><i class=\"fa fa-chevron-right mr10\"><\/i><\/div><div><span>Compensation law<\/span><\/div><\/li><li class=\"clr\"><div class=\"cz_sl_icon\"><i class=\"fa fa-chevron-right mr10\"><\/i><\/div><div><span>Enforcement law<\/span><\/div><\/li><\/ul><\/div><div class=\"cz_gap clr \" style=\"height: 28px\"><\/div>[\/vc_column][vc_column width=&#8221;1\/3&#8243;]<div class=\"clr\"><ul id=\"cz_49293\" class=\"cz_49293 cz_stylish_list clr cz_sl_icon_hover_none\"><li class=\"clr\"><div class=\"cz_sl_icon\"><i class=\"fa fa-chevron-right mr10\"><\/i><\/div><div><span>Dedno in dru\u017einsko pravo<\/span><\/div><\/li><li class=\"clr\"><div class=\"cz_sl_icon\"><i class=\"fa fa-chevron-right mr10\"><\/i><\/div><div><span>Dav\u010dno pravo<\/span><\/div><\/li><li class=\"clr\"><div class=\"cz_sl_icon\"><i class=\"fa fa-chevron-right mr10\"><\/i><\/div><div><span>Insolven\u010dno pravo<\/span><\/div><\/li><li class=\"clr\"><div class=\"cz_sl_icon\"><i class=\"fa fa-chevron-right mr10\"><\/i><\/div><div><span>Upravno pravo<\/span><\/div><\/li><li class=\"clr\"><div class=\"cz_sl_icon\"><i class=\"fa fa-chevron-right mr10\"><\/i><\/div><div><span>Stvarno pravo<\/span><\/div><\/li><li class=\"clr\"><div class=\"cz_sl_icon\"><i class=\"fa fa-chevron-right mr10\"><\/i><\/div><div><span>Prekr\u0161kovno pravo<\/span><\/div><\/li><li class=\"clr\"><div class=\"cz_sl_icon\"><i class=\"fa fa-chevron-right mr10\"><\/i><\/div><div><span>Pravo intelektualne lastnine<\/span><\/div><\/li><\/ul><\/div>[\/vc_column][\/vc_row][vc_row full_width=&#8221;stretch_row&#8221; gap=&#8221;30&#8243; css=&#8221;.vc_custom_1591282259743{padding-top: 3vh !important;padding-bottom: 3vh !important;background-color: #fcfcfc !important;}&#8221;][vc_column width=&#8221;1\/3&#8243;]<div id=\"cz_32730\" data-position=\"top-right\" class=\"cz_32730 cz_image clr cz_image_no_fx center_on_mobile\"><div class=\"\" ><div class=\"cz_image_in\"><div class=\"cz_main_image\"><img decoding=\"async\" class=\"\" src=\"https:\/\/www.op-svab.com\/wp-content\/uploads\/2020\/05\/separator-3-90x90.png\" width=\"90\" height=\"90\" alt=\"separator-3\" title=\"separator-3\" loading=\"lazy\" \/><\/div><\/div><\/div><\/div><div class=\"cz_gap clr \" style=\"height: 32px\"><\/div><div id=\"cz_72993\" class=\"cz_72993 cz_title clr cz_title_pos_inline\"><div class=\"cz_title_content\"><div class=\"cz_wpe_content\"><p><span style=\"font-size: 24px;\">Simple answers to many complex questions can be found through the eyes of a f(law)less expert. There is always a solution; you just have to start looking for it.<\/span><\/p>\n<\/div><\/div><\/div><div class=\"cz_gap clr \" style=\"height: 32px\"><\/div>[\/vc_column][vc_column width=&#8221;2\/3&#8243;]<div id=\"cz_98584\" data-position=\"top-right\" class=\"cz_98584 cz_image clr cz_image_no_fx center_on_mobile\"><div class=\"\" ><div class=\"cz_image_in\"><div class=\"cz_main_image\"><img decoding=\"async\" width=\"1144\" height=\"800\" src=\"https:\/\/www.op-svab.com\/wp-content\/uploads\/2020\/06\/odvetniska-pisarna-svab-ekipa-kontakt.jpg\" class=\"attachment-full\" alt=\"Odvetni\u0161ka pisarna \u0160vab Dimi\u010deva ulica 16 1000 Ljubljana\" srcset=\"https:\/\/www.op-svab.com\/wp-content\/uploads\/2020\/06\/odvetniska-pisarna-svab-ekipa-kontakt.jpg 1144w, https:\/\/www.op-svab.com\/wp-content\/uploads\/2020\/06\/odvetniska-pisarna-svab-ekipa-kontakt-300x210.jpg 300w, https:\/\/www.op-svab.com\/wp-content\/uploads\/2020\/06\/odvetniska-pisarna-svab-ekipa-kontakt-1024x716.jpg 1024w, https:\/\/www.op-svab.com\/wp-content\/uploads\/2020\/06\/odvetniska-pisarna-svab-ekipa-kontakt-768x537.jpg 768w, https:\/\/www.op-svab.com\/wp-content\/uploads\/2020\/06\/odvetniska-pisarna-svab-ekipa-kontakt-600x420.jpg 600w\" sizes=\"auto, (max-width: 1144px) 100vw, 1144px\" loading=\"lazy\" \/><\/div><\/div><\/div><\/div>[\/vc_column][\/vc_row][vc_row full_width=&#8221;stretch_row&#8221; css=&#8221;.vc_custom_1590754381629{padding-top: 8vh !important;padding-bottom: 8vh !important;background-color: #fcfcfc !important;}&#8221;][vc_column]<a class=\"cz_content_box_link\" href=\"\/en\/contact\/\" title=\"Contact us\" role=\"button\" tabindex=\"0\" aria-label=\"Contact us\"><div class=\"cz_eqh cz_content_box_parent_fx  \"><div class=\"fx_zoom_0_hover\"><div id=\"cz_12119\" class=\"cz_12119 cz_content_box clr\"><div class=\"cz_box_front clr\"><div class=\"cz_box_front_inner clr \"><span><\/span><div>[vc_row_inner][vc_column_inner width=&#8221;2\/3&#8243;]<div id=\"cz_78226\" class=\"cz_78226 cz_title clr cz_mobile_text_center cz_title_has_icon cz_title_pos_inline\"><div class=\"cz_title_shape shape_image cz_shape_2\"><img decoding=\"async\" width=\"170\" height=\"170\" src=\"https:\/\/www.op-svab.com\/wp-content\/uploads\/2020\/05\/separator-3.png\" class=\"attachment-full\" alt=\"Separator 3\" title=\"separator-3\" srcset=\"https:\/\/www.op-svab.com\/wp-content\/uploads\/2020\/05\/separator-3.png 170w, https:\/\/www.op-svab.com\/wp-content\/uploads\/2020\/05\/separator-3-150x150.png 150w\" sizes=\"auto, (max-width: 170px) 100vw, 170px\" loading=\"lazy\" \/><\/div><div class=\"cz_title_content\"><i class=\"cz_title_icon_before fa czico-051-user\"><\/i><div class=\"cz_wpe_content\"><h3 style=\"line-height: 1.4;\"><span style=\"font-size: 34px; color: #ffffff;\">Contact us<br \/>\n<\/span><\/h3>\n<p><span style=\"color: #ffffff;\">Tell us what happened to you or ask us a question.<br \/>\n<\/span><\/p>\n<\/div><\/div><\/div>[\/vc_column_inner][vc_column_inner width=&#8221;1\/3&#8243;]<div class=\"cz_gap clr \" style=\"height: 30px\"><\/div><div id=\"cz_55620\" class=\"cz_55620 cz_title clr cz_mobile_text_center cz_title_pos_inline tac\"><div class=\"cz_title_content\"><div class=\"cz_wpe_content\"><h3 style=\"text-align: center;\"><span style=\"color: #ffffff; font-weight: 300;\">T: +386 1 235 15 35<\/span><\/h3>\n<\/div><\/div><\/div>[\/vc_column_inner][\/vc_row_inner]<\/div><\/div><\/div><\/div><\/div><\/div><\/a>[\/vc_column][\/vc_row]<\/p>\n<\/div>","protected":false},"excerpt":{"rendered":"<p>[vc_row full_width=&#8221;stretch_row&#8221; css=&#8221;.vc_custom_1591735128500{padding-top: 8vh !important;padding-bottom: 6vh !important;background-color: #141a20 !important;}&#8221;][vc_column][\/vc_column][\/vc_row][vc_row css=&#8221;.vc_custom_1594030756089{padding-top: 6vh &#8230; <\/p>\n","protected":false},"author":1,"featured_media":0,"parent":0,"menu_order":0,"comment_status":"closed","ping_status":"closed","template":"","meta":{"_editorskit_title_hidden":false,"_editorskit_reading_time":0,"_editorskit_is_block_options_detached":false,"_editorskit_block_options_position":"{}","_uag_custom_page_level_css":"","footnotes":""},"class_list":["post-1486","page","type-page","status-publish","hentry"],"yoast_head":"<!-- This site is optimized with the Yoast SEO plugin v27.0 - https:\/\/yoast.com\/product\/yoast-seo-wordpress\/ -->\n<title>Areas - Law firm \u0160vab \/ Odvetni\u0161ka pisarna \u0160vab, Ljubljana, Slovenia<\/title>\n<meta name=\"description\" content=\"Our experts provide up-to-date, effective and customer-friendly legal advice and support.\" \/>\n<meta name=\"robots\" content=\"index, follow, max-snippet:-1, max-image-preview:large, max-video-preview:-1\" \/>\n<link rel=\"canonical\" href=\"https:\/\/www.op-svab.com\/en\/areas\/\" \/>\n<meta property=\"og:locale\" content=\"en_US\" \/>\n<meta property=\"og:type\" content=\"article\" \/>\n<meta property=\"og:title\" content=\"Areas - Law firm \u0160vab \/ Odvetni\u0161ka pisarna \u0160vab, Ljubljana, Slovenia\" \/>\n<meta property=\"og:description\" content=\"Our experts provide up-to-date, effective and customer-friendly legal advice and support.\" \/>\n<meta property=\"og:url\" content=\"https:\/\/www.op-svab.com\/en\/areas\/\" \/>\n<meta property=\"og:site_name\" content=\"Odvetni\u0161ka pisarna \u0160vab &amp; \u0160tepec\" \/>\n<meta property=\"article:modified_time\" content=\"2020-07-06T10:22:28+00:00\" \/>\n<meta property=\"og:image\" content=\"https:\/\/www.op-svab.com\/wp-content\/uploads\/2023\/10\/svab_stepec_logo.png\" \/>\n\t<meta property=\"og:image:width\" content=\"1480\" \/>\n\t<meta property=\"og:image:height\" content=\"608\" \/>\n\t<meta property=\"og:image:type\" content=\"image\/png\" \/>\n<meta name=\"twitter:card\" content=\"summary_large_image\" \/>\n<meta name=\"twitter:label1\" content=\"Est. reading time\" \/>\n\t<meta name=\"twitter:data1\" content=\"5 minutes\" \/>\n<script type=\"application\/ld+json\" class=\"yoast-schema-graph\">{\"@context\":\"https:\/\/schema.org\",\"@graph\":[{\"@type\":\"WebPage\",\"@id\":\"https:\/\/www.op-svab.com\/en\/areas\/\",\"url\":\"https:\/\/www.op-svab.com\/en\/areas\/\",\"name\":\"Areas - Law firm \u0160vab \/ Odvetni\u0161ka pisarna \u0160vab, Ljubljana, Slovenia\",\"isPartOf\":{\"@id\":\"https:\/\/www.op-svab.com\/en\/#website\"},\"datePublished\":\"2020-05-28T21:23:23+00:00\",\"dateModified\":\"2020-07-06T10:22:28+00:00\",\"description\":\"Our experts provide up-to-date, effective and customer-friendly legal advice and support.\",\"breadcrumb\":{\"@id\":\"https:\/\/www.op-svab.com\/en\/areas\/#breadcrumb\"},\"inLanguage\":\"en-US\",\"potentialAction\":[{\"@type\":\"ReadAction\",\"target\":[\"https:\/\/www.op-svab.com\/en\/areas\/\"]}]},{\"@type\":\"BreadcrumbList\",\"@id\":\"https:\/\/www.op-svab.com\/en\/areas\/#breadcrumb\",\"itemListElement\":[{\"@type\":\"ListItem\",\"position\":1,\"name\":\"Home\",\"item\":\"https:\/\/www.op-svab.com\/en\/\"},{\"@type\":\"ListItem\",\"position\":2,\"name\":\"Areas\"}]},{\"@type\":\"WebSite\",\"@id\":\"https:\/\/www.op-svab.com\/en\/#website\",\"url\":\"https:\/\/www.op-svab.com\/en\/\",\"name\":\"Odvetni\u0161ka pisarna \u0160vab & \u0160tepec\",\"description\":\"Vpra\u0161anja, spori, dokumenti, sodni postopki \u2013 zaupajte jih na\u0161im pravnim strokovnjakom! Sodni postopki niso edina, niti vedno najbolj primerna pot za iskanje pravice in zado\u0161\u010denja.\",\"publisher\":{\"@id\":\"https:\/\/www.op-svab.com\/en\/#organization\"},\"potentialAction\":[{\"@type\":\"SearchAction\",\"target\":{\"@type\":\"EntryPoint\",\"urlTemplate\":\"https:\/\/www.op-svab.com\/en\/?s={search_term_string}\"},\"query-input\":{\"@type\":\"PropertyValueSpecification\",\"valueRequired\":true,\"valueName\":\"search_term_string\"}}],\"inLanguage\":\"en-US\"},{\"@type\":\"Organization\",\"@id\":\"https:\/\/www.op-svab.com\/en\/#organization\",\"name\":\"Odvetni\u0161ka pisarna \u0160vab & \u0160tepec\",\"url\":\"https:\/\/www.op-svab.com\/en\/\",\"logo\":{\"@type\":\"ImageObject\",\"inLanguage\":\"en-US\",\"@id\":\"https:\/\/www.op-svab.com\/en\/#\/schema\/logo\/image\/\",\"url\":\"https:\/\/www.op-svab.com\/wp-content\/uploads\/2023\/09\/svab_stepec_logo_2_w160.png\",\"contentUrl\":\"https:\/\/www.op-svab.com\/wp-content\/uploads\/2023\/09\/svab_stepec_logo_2_w160.png\",\"width\":160,\"height\":218,\"caption\":\"Odvetni\u0161ka pisarna \u0160vab & \u0160tepec\"},\"image\":{\"@id\":\"https:\/\/www.op-svab.com\/en\/#\/schema\/logo\/image\/\"}}]}<\/script>\n<!-- \/ Yoast SEO plugin. -->","yoast_head_json":{"title":"Areas - Law firm \u0160vab \/ Odvetni\u0161ka pisarna \u0160vab, Ljubljana, Slovenia","description":"Our experts provide up-to-date, effective and customer-friendly legal advice and support.","robots":{"index":"index","follow":"follow","max-snippet":"max-snippet:-1","max-image-preview":"max-image-preview:large","max-video-preview":"max-video-preview:-1"},"canonical":"https:\/\/www.op-svab.com\/en\/areas\/","og_locale":"en_US","og_type":"article","og_title":"Areas - Law firm \u0160vab \/ Odvetni\u0161ka pisarna \u0160vab, Ljubljana, Slovenia","og_description":"Our experts provide up-to-date, effective and customer-friendly legal advice and support.","og_url":"https:\/\/www.op-svab.com\/en\/areas\/","og_site_name":"Odvetni\u0161ka pisarna \u0160vab &amp; \u0160tepec","article_modified_time":"2020-07-06T10:22:28+00:00","og_image":[{"width":1480,"height":608,"url":"https:\/\/www.op-svab.com\/wp-content\/uploads\/2023\/10\/svab_stepec_logo.png","type":"image\/png"}],"twitter_card":"summary_large_image","twitter_misc":{"Est. reading time":"5 minutes"},"schema":{"@context":"https:\/\/schema.org","@graph":[{"@type":"WebPage","@id":"https:\/\/www.op-svab.com\/en\/areas\/","url":"https:\/\/www.op-svab.com\/en\/areas\/","name":"Areas - Law firm \u0160vab \/ Odvetni\u0161ka pisarna \u0160vab, Ljubljana, Slovenia","isPartOf":{"@id":"https:\/\/www.op-svab.com\/en\/#website"},"datePublished":"2020-05-28T21:23:23+00:00","dateModified":"2020-07-06T10:22:28+00:00","description":"Our experts provide up-to-date, effective and customer-friendly legal advice and support.","breadcrumb":{"@id":"https:\/\/www.op-svab.com\/en\/areas\/#breadcrumb"},"inLanguage":"en-US","potentialAction":[{"@type":"ReadAction","target":["https:\/\/www.op-svab.com\/en\/areas\/"]}]},{"@type":"BreadcrumbList","@id":"https:\/\/www.op-svab.com\/en\/areas\/#breadcrumb","itemListElement":[{"@type":"ListItem","position":1,"name":"Home","item":"https:\/\/www.op-svab.com\/en\/"},{"@type":"ListItem","position":2,"name":"Areas"}]},{"@type":"WebSite","@id":"https:\/\/www.op-svab.com\/en\/#website","url":"https:\/\/www.op-svab.com\/en\/","name":"Odvetni\u0161ka pisarna \u0160vab & \u0160tepec","description":"Vpra\u0161anja, spori, dokumenti, sodni postopki \u2013 zaupajte jih na\u0161im pravnim strokovnjakom! Sodni postopki niso edina, niti vedno najbolj primerna pot za iskanje pravice in zado\u0161\u010denja.","publisher":{"@id":"https:\/\/www.op-svab.com\/en\/#organization"},"potentialAction":[{"@type":"SearchAction","target":{"@type":"EntryPoint","urlTemplate":"https:\/\/www.op-svab.com\/en\/?s={search_term_string}"},"query-input":{"@type":"PropertyValueSpecification","valueRequired":true,"valueName":"search_term_string"}}],"inLanguage":"en-US"},{"@type":"Organization","@id":"https:\/\/www.op-svab.com\/en\/#organization","name":"Odvetni\u0161ka pisarna \u0160vab & \u0160tepec","url":"https:\/\/www.op-svab.com\/en\/","logo":{"@type":"ImageObject","inLanguage":"en-US","@id":"https:\/\/www.op-svab.com\/en\/#\/schema\/logo\/image\/","url":"https:\/\/www.op-svab.com\/wp-content\/uploads\/2023\/09\/svab_stepec_logo_2_w160.png","contentUrl":"https:\/\/www.op-svab.com\/wp-content\/uploads\/2023\/09\/svab_stepec_logo_2_w160.png","width":160,"height":218,"caption":"Odvetni\u0161ka pisarna \u0160vab & \u0160tepec"},"image":{"@id":"https:\/\/www.op-svab.com\/en\/#\/schema\/logo\/image\/"}}]}},"uagb_featured_image_src":{"full":false,"thumbnail":false,"medium":false,"medium_large":false,"large":false,"1536x1536":false,"2048x2048":false,"codevz_360_320":false,"codevz_600_600":false,"codevz_1200_200":false,"codevz_1200_500":false,"codevz_600_1000":false,"codevz_600_9999":false},"uagb_author_info":{"display_name":"tomaz","author_link":"https:\/\/www.op-svab.com\/en\/author\/tomaz\/"},"uagb_comment_info":0,"uagb_excerpt":"[vc_row full_width=&#8221;stretch_row&#8221; css=&#8221;.vc_custom_1591735128500{padding-top: 8vh !important;padding-bottom: 6vh !important;background-color: #141a20 !important;}&#8221;][vc_column][\/vc_column][\/vc_row][vc_row css=&#8221;.vc_custom_1594030756089{padding-top: 6vh ...","_links":{"self":[{"href":"https:\/\/www.op-svab.com\/en\/wp-json\/wp\/v2\/pages\/1486","targetHints":{"allow":["GET"]}}],"collection":[{"href":"https:\/\/www.op-svab.com\/en\/wp-json\/wp\/v2\/pages"}],"about":[{"href":"https:\/\/www.op-svab.com\/en\/wp-json\/wp\/v2\/types\/page"}],"author":[{"embeddable":true,"href":"https:\/\/www.op-svab.com\/en\/wp-json\/wp\/v2\/users\/1"}],"replies":[{"embeddable":true,"href":"https:\/\/www.op-svab.com\/en\/wp-json\/wp\/v2\/comments?post=1486"}],"version-history":[{"count":19,"href":"https:\/\/www.op-svab.com\/en\/wp-json\/wp\/v2\/pages\/1486\/revisions"}],"predecessor-version":[{"id":1590,"href":"https:\/\/www.op-svab.com\/en\/wp-json\/wp\/v2\/pages\/1486\/revisions\/1590"}],"wp:attachment":[{"href":"https:\/\/www.op-svab.com\/en\/wp-json\/wp\/v2\/media?parent=1486"}],"curies":[{"name":"wp","href":"https:\/\/api.w.org\/{rel}","templated":true}]}}