{"id":1552,"date":"2020-05-28T22:23:23","date_gmt":"2020-05-28T21:23:23","guid":{"rendered":"https:\/\/www.op-svab.com\/areas\/"},"modified":"2023-03-06T13:20:02","modified_gmt":"2023-03-06T12:20:02","slug":"bereiche","status":"publish","type":"page","link":"https:\/\/www.op-svab.com\/de\/bereiche\/","title":{"rendered":"Bereiche"},"content":{"rendered":"<div class=\"wpb-content-wrapper\"><p>[vc_row full_width=&#8221;stretch_row&#8221; css=&#8221;.vc_custom_1591735128500{padding-top: 8vh !important;padding-bottom: 6vh !important;background-color: #141a20 !important;}&#8221;][vc_column]<div id=\"cz_67624\" class=\"cz_67624 cz_title clr cz_title_pos_inline\"><div class=\"cz_title_content\"><div class=\"cz_wpe_content\"><h1>Bereiche<\/h1>\n<\/div><\/div><\/div><div class=\"cz_gap clr \" style=\"height: 50px\"><\/div><div id=\"cz_15071\" class=\"cz_15071 cz_title clr cz_title_pos_inline\"><div class=\"cz_title_content\"><div class=\"cz_wpe_content\"><p><span style=\"color: #ffffff;\">Es ist nicht Ihre Aufgabe, den spezifischen Rechtsbereich f\u00fcr Ihre Frage, Ihr Problem oder Ihr Anliegen zu kennen. Wir k\u00fcmmern uns darum. Ob es sich um eine individuelle Alltagsfrage oder ein spezifisches Problem der Gesch\u00e4ftsf\u00fchrung handelt &#8211; wir finden die richtigen Antworten und L\u00f6sungen. Wir sorgen daraufhin f\u00fcr die Hinzuziehung von relevanten Experten oder Spezialisten. Niemand schafft es alleine, also lassen Sie uns zusammenarbeiten.<\/span><\/p>\n<\/div><\/div><\/div>[\/vc_column][\/vc_row][vc_row css=&#8221;.vc_custom_1594027879197{padding-top: 6vh !important;padding-bottom: 6vh !important;}&#8221; el_id=&#8221;juristische-personen&#8221;][vc_column width=&#8221;7\/12&#8243;]<div id=\"cz_66440\" class=\"cz_66440 cz_title clr cz_title_pos_inline\"><div class=\"cz_title_content\"><div class=\"cz_wpe_content\"><h3>Juristische Personen<\/h3>\n<\/div><\/div><\/div><div class=\"cz_gap clr \" style=\"height: 28px\"><\/div><div id=\"cz_41025\" class=\"cz_41025 cz_title clr cz_title_pos_inline\"><div class=\"cz_title_content\"><div class=\"cz_wpe_content\"><p>Wirtschaft, Handel und Gesch\u00e4ftsabl\u00e4ufe im Allgemeinen werden immer b\u00fcrokratischer sowie sprachlich und technologisch immer komplexer.<\/p>\n<p>&nbsp;<\/p>\n<p>Unsere Experten bieten <strong>aktuelle, effiziente und kundenfreundliche Rechtsberatung und -unterst\u00fctzung an.<\/strong><\/p>\n<\/div><\/div><\/div><div class=\"cz_gap clr \" style=\"height: 50px\"><\/div>[\/vc_column][vc_column width=&#8221;5\/12&#8243;]<div id=\"cz_76394\" data-position=\"top-right\" class=\"cz_76394 cz_image clr cz_image_no_fx center_on_mobile\"><div class=\"\" ><div class=\"cz_image_in\"><div class=\"cz_main_image\"><img fetchpriority=\"high\" loading=\"eager\" decoding=\"sync\" data-no-lazy=\"1\" width=\"1200\" height=\"800\" src=\"https:\/\/www.op-svab.com\/wp-content\/uploads\/2020\/06\/poslovno-pravno-svetovanje.jpg\" class=\"attachment-full\" alt=\"Na\u0161i strokovnjaki zagotavljajo a\u017eurno, efektivno in strankam prilagojeno pravno svetovanje in podporo \" title=\"Na\u0161i strokovnjaki zagotavljajo a\u017eurno, efektivno in strankam prilagojeno pravno svetovanje in podporo.\" srcset=\"https:\/\/www.op-svab.com\/wp-content\/uploads\/2020\/06\/poslovno-pravno-svetovanje.jpg 1200w, https:\/\/www.op-svab.com\/wp-content\/uploads\/2020\/06\/poslovno-pravno-svetovanje-300x200.jpg 300w, https:\/\/www.op-svab.com\/wp-content\/uploads\/2020\/06\/poslovno-pravno-svetovanje-1024x683.jpg 1024w, https:\/\/www.op-svab.com\/wp-content\/uploads\/2020\/06\/poslovno-pravno-svetovanje-768x512.jpg 768w, https:\/\/www.op-svab.com\/wp-content\/uploads\/2020\/06\/poslovno-pravno-svetovanje-600x400.jpg 600w\" sizes=\"(max-width: 1200px) 100vw, 1200px\"  \/><\/div><\/div><\/div><\/div>[\/vc_column][\/vc_row][vc_row][vc_column]<div class=\"relative\"><div id=\"cz_85943\" class=\"cz_85943 cz_line tal\"><\/div><\/div><div class=\"clr\"><\/div>[\/vc_column][\/vc_row][vc_row css=&#8221;.vc_custom_1594027893956{padding-top: 6vh !important;padding-bottom: 8vh !important;}&#8221; el_id=&#8221;privatpersonen&#8221;][vc_column width=&#8221;7\/12&#8243;]<div id=\"cz_104640\" class=\"cz_104640 cz_title clr cz_title_pos_inline\"><div class=\"cz_title_content\"><div class=\"cz_wpe_content\"><h3>Privatpersonen<\/h3>\n<\/div><\/div><\/div><div class=\"cz_gap clr \" style=\"height: 28px\"><\/div><div id=\"cz_41854\" class=\"cz_41854 cz_title clr cz_title_pos_inline\"><div class=\"cz_title_content\"><div class=\"cz_wpe_content\"><p>Wir sind uns bewusst, dass die Anliegen, Verh\u00e4ltnisse und Rechtsstreitigkeiten unserer Mandanten von pers\u00f6nlicher und vertraulicher Natur sind. Deshalb legen wir gr\u00f6\u00dften Wert darauf, dass uns der Mandant vertraut und sich bei uns sicher aufgehoben f\u00fchlt, kurz, dass er in guten H\u00e4nden ist.<\/p>\n<p>&nbsp;<\/p>\n<p><strong>Die Interessen, W\u00fcnsche und Ziele von Personen, die zu uns kommen, sind unser Leitfaden<\/strong>, und unsere Aufgabe ist es, einen Weg zu finden, um die von den Mandanten erwarteten Ergebnisse zu erzielen.<\/p>\n<\/div><\/div><\/div><div class=\"cz_gap clr \" style=\"height: 50px\"><\/div>[\/vc_column][vc_column width=&#8221;5\/12&#8243;]<div id=\"cz_82948\" data-position=\"top-right\" class=\"cz_82948 cz_image clr cz_image_no_fx center_on_mobile\"><div class=\"\" ><div class=\"cz_image_in\"><div class=\"cz_main_image\"><img decoding=\"async\" width=\"1200\" height=\"800\" src=\"https:\/\/www.op-svab.com\/wp-content\/uploads\/2020\/06\/pravna-pomoc-fizicne-osebe-3.jpg\" class=\"attachment-full\" alt=\"Pravno svetovanje, pomo\u010d, podpora\" srcset=\"https:\/\/www.op-svab.com\/wp-content\/uploads\/2020\/06\/pravna-pomoc-fizicne-osebe-3.jpg 1200w, https:\/\/www.op-svab.com\/wp-content\/uploads\/2020\/06\/pravna-pomoc-fizicne-osebe-3-300x200.jpg 300w, https:\/\/www.op-svab.com\/wp-content\/uploads\/2020\/06\/pravna-pomoc-fizicne-osebe-3-1024x683.jpg 1024w, https:\/\/www.op-svab.com\/wp-content\/uploads\/2020\/06\/pravna-pomoc-fizicne-osebe-3-768x512.jpg 768w, https:\/\/www.op-svab.com\/wp-content\/uploads\/2020\/06\/pravna-pomoc-fizicne-osebe-3-600x400.jpg 600w\" sizes=\"auto, (max-width: 1200px) 100vw, 1200px\" loading=\"lazy\" \/><\/div><\/div><\/div><\/div>[\/vc_column][\/vc_row][vc_row full_width=&#8221;stretch_row&#8221; disable_element=&#8221;yes&#8221; css=&#8221;.vc_custom_1590746814663{padding-top: 8vh !important;padding-bottom: 8vh !important;background-color: #fcfcfc !important;}&#8221;][vc_column][vc_row_inner][vc_column_inner width=&#8221;1\/3&#8243;]<div id=\"cz_38555\" class=\"cz_38555 cz_title clr cz_title_pos_inline\"><div class=\"cz_title_content\"><div class=\"cz_wpe_content\"><h3>Pravno svetovanje, pomo\u010d, podporo in zastopanje zagotavljamo na slede\u010dih podro\u010djih:<\/h3>\n<\/div><\/div><\/div><div class=\"cz_gap clr \" style=\"height: 28px\"><\/div>[\/vc_column_inner][vc_column_inner width=&#8221;1\/3&#8243;]<div class=\"clr\"><ul id=\"cz_99469\" class=\"cz_99469 cz_stylish_list clr cz_sl_icon_hover_none\"><li class=\"clr\"><div class=\"cz_sl_icon\"><i class=\"fa fa-chevron-right mr10\"><\/i><\/div><div><span>Gospodarsko pravo<\/span><\/div><\/li><li class=\"clr\"><div class=\"cz_sl_icon\"><i class=\"fa fa-chevron-right mr10\"><\/i><\/div><div><span>Korporacijsko pravo<\/span><\/div><\/li><li class=\"clr\"><div class=\"cz_sl_icon\"><i class=\"fa fa-chevron-right mr10\"><\/i><\/div><div><span>Delovno pravo<\/span><\/div><\/li><li class=\"clr\"><div class=\"cz_sl_icon\"><i class=\"fa fa-chevron-right mr10\"><\/i><\/div><div><span>Pogodbeno pravo<\/span><\/div><\/li><li class=\"clr\"><div class=\"cz_sl_icon\"><i class=\"fa fa-chevron-right mr10\"><\/i><\/div><div><span>Nepremi\u010dninsko pravo<\/span><\/div><\/li><li class=\"clr\"><div class=\"cz_sl_icon\"><i class=\"fa fa-chevron-right mr10\"><\/i><\/div><div><span>Od\u0161kodninsko pravo<\/span><\/div><\/li><li class=\"clr\"><div class=\"cz_sl_icon\"><i class=\"fa fa-chevron-right mr10\"><\/i><\/div><div><span>Izvr\u0161ilno pravo<\/span><\/div><\/li><\/ul><\/div><div class=\"cz_gap clr \" style=\"height: 28px\"><\/div>[\/vc_column_inner][vc_column_inner width=&#8221;1\/3&#8243;]<div class=\"clr\"><ul id=\"cz_49293\" class=\"cz_49293 cz_stylish_list clr cz_sl_icon_hover_none\"><li class=\"clr\"><div class=\"cz_sl_icon\"><i class=\"fa fa-chevron-right mr10\"><\/i><\/div><div><span>Dedno in dru\u017einsko pravo<\/span><\/div><\/li><li class=\"clr\"><div class=\"cz_sl_icon\"><i class=\"fa fa-chevron-right mr10\"><\/i><\/div><div><span>Dav\u010dno pravo<\/span><\/div><\/li><li class=\"clr\"><div class=\"cz_sl_icon\"><i class=\"fa fa-chevron-right mr10\"><\/i><\/div><div><span>Insolven\u010dno pravo<\/span><\/div><\/li><li class=\"clr\"><div class=\"cz_sl_icon\"><i class=\"fa fa-chevron-right mr10\"><\/i><\/div><div><span>Upravno pravo<\/span><\/div><\/li><li class=\"clr\"><div class=\"cz_sl_icon\"><i class=\"fa fa-chevron-right mr10\"><\/i><\/div><div><span>Stvarno pravo<\/span><\/div><\/li><li class=\"clr\"><div class=\"cz_sl_icon\"><i class=\"fa fa-chevron-right mr10\"><\/i><\/div><div><span>Prekr\u0161kovno pravo<\/span><\/div><\/li><li class=\"clr\"><div class=\"cz_sl_icon\"><i class=\"fa fa-chevron-right mr10\"><\/i><\/div><div><span>Pravo intelektualne lastnine<\/span><\/div><\/li><\/ul><\/div>[\/vc_column_inner][\/vc_row_inner][\/vc_column][\/vc_row][vc_row full_width=&#8221;stretch_row&#8221; css=&#8221;.vc_custom_1590746820371{padding-top: 8vh !important;padding-bottom: 8vh !important;background-color: #fcfcfc !important;}&#8221;][vc_column width=&#8221;1\/3&#8243;]<div class=\"cz_eqh cz_content_box_parent_fx  \"><div id=\"cz_38469\" class=\"cz_38469 cz_content_box clr\"><div class=\"cz_box_front clr\"><div class=\"cz_box_front_inner clr \"><span><\/span><div><div id=\"cz_47919\" class=\"cz_47919 cz_title clr cz_title_pos_inline\"><div class=\"cz_title_content\"><div class=\"cz_wpe_content\"><h3>Wir bieten Rechtsberatung, Beistand, Unterst\u00fctzung und Vertretung in folgenden Bereichen:<\/h3>\n<\/div><\/div><\/div><\/div><\/div><\/div><\/div><\/div><div class=\"cz_gap clr \" style=\"height: 28px\"><\/div>[\/vc_column][vc_column width=&#8221;1\/3&#8243;]<div class=\"clr\"><ul id=\"cz_90946\" class=\"cz_90946 cz_stylish_list clr cz_sl_icon_hover_none\"><li class=\"clr\"><div class=\"cz_sl_icon\"><i class=\"fa fa-chevron-right mr10\"><\/i><\/div><div><span>Unternehmensrecht<\/span><\/div><\/li><li class=\"clr\"><div class=\"cz_sl_icon\"><i class=\"fa fa-chevron-right mr10\"><\/i><\/div><div><span>Wirtschaftsrecht<\/span><\/div><\/li><li class=\"clr\"><div class=\"cz_sl_icon\"><i class=\"fa fa-chevron-right mr10\"><\/i><\/div><div><span>Arbeitsrecht<\/span><\/div><\/li><li class=\"clr\"><div class=\"cz_sl_icon\"><i class=\"fa fa-chevron-right mr10\"><\/i><\/div><div><span>Vertragsrecht<\/span><\/div><\/li><li class=\"clr\"><div class=\"cz_sl_icon\"><i class=\"fa fa-chevron-right mr10\"><\/i><\/div><div><span>Immobilienrecht<\/span><\/div><\/li><li class=\"clr\"><div class=\"cz_sl_icon\"><i class=\"fa fa-chevron-right mr10\"><\/i><\/div><div><span>Entsch\u00e4digungsverfahren<\/span><\/div><\/li><li class=\"clr\"><div class=\"cz_sl_icon\"><i class=\"fa fa-chevron-right mr10\"><\/i><\/div><div><span>Exekutionsrecht<\/span><\/div><\/li><\/ul><\/div><div class=\"cz_gap clr \" style=\"height: 28px\"><\/div>[\/vc_column][vc_column width=&#8221;1\/3&#8243;]<div class=\"clr\"><ul id=\"cz_82929\" class=\"cz_82929 cz_stylish_list clr cz_sl_icon_hover_none\"><li class=\"clr\"><div class=\"cz_sl_icon\"><i class=\"fa fa-chevron-right mr10\"><\/i><\/div><div><span>Erb- und Familienrecht<\/span><\/div><\/li><li class=\"clr\"><div class=\"cz_sl_icon\"><i class=\"fa fa-chevron-right mr10\"><\/i><\/div><div><span>Steuer- und Zollrecht<\/span><\/div><\/li><li class=\"clr\"><div class=\"cz_sl_icon\"><i class=\"fa fa-chevron-right mr10\"><\/i><\/div><div><span>Insolvenzrecht<\/span><\/div><\/li><li class=\"clr\"><div class=\"cz_sl_icon\"><i class=\"fa fa-chevron-right mr10\"><\/i><\/div><div><span>Verwaltungsrecht<\/span><\/div><\/li><li class=\"clr\"><div class=\"cz_sl_icon\"><i class=\"fa fa-chevron-right mr10\"><\/i><\/div><div><span>Sachenrecht<\/span><\/div><\/li><li class=\"clr\"><div class=\"cz_sl_icon\"><i class=\"fa fa-chevron-right mr10\"><\/i><\/div><div><span>Vergehensrecht <\/span><\/div><\/li><li class=\"clr\"><div class=\"cz_sl_icon\"><i class=\"fa fa-chevron-right mr10\"><\/i><\/div><div><span>Urheberrecht<\/span><\/div><\/li><\/ul><\/div>[\/vc_column][\/vc_row][vc_row full_width=&#8221;stretch_row&#8221; gap=&#8221;30&#8243; css=&#8221;.vc_custom_1591282259743{padding-top: 3vh !important;padding-bottom: 3vh !important;background-color: #fcfcfc !important;}&#8221;][vc_column width=&#8221;1\/3&#8243;]<div id=\"cz_32730\" data-position=\"top-right\" class=\"cz_32730 cz_image clr cz_image_no_fx center_on_mobile\"><div class=\"\" ><div class=\"cz_image_in\"><div class=\"cz_main_image\"><img decoding=\"async\" class=\"\" src=\"https:\/\/www.op-svab.com\/wp-content\/uploads\/2020\/05\/separator-3-90x90.png\" width=\"90\" height=\"90\" alt=\"separator-3\" title=\"separator-3\" loading=\"lazy\" \/><\/div><\/div><\/div><\/div><div class=\"cz_gap clr \" style=\"height: 32px\"><\/div><div id=\"cz_84042\" class=\"cz_84042 cz_title clr cz_title_pos_inline\"><div class=\"cz_title_content\"><div class=\"cz_wpe_content\"><p><span style=\"font-size: 24px;\">Durch die Unterst\u00fctzung des richtigen Rechtsexperten k\u00f6nnen auf viele komplexe Fragen ganz einfache Antworten gefunden werden. Es gibt immer eine L\u00f6sung, man muss nur danach suchen.<\/span><\/p>\n<\/div><\/div><\/div><div class=\"cz_gap clr \" style=\"height: 32px\"><\/div>[\/vc_column][vc_column width=&#8221;2\/3&#8243;]<div id=\"cz_98584\" data-position=\"top-right\" class=\"cz_98584 cz_image clr cz_image_no_fx center_on_mobile\"><div class=\"\" ><div class=\"cz_image_in\"><div class=\"cz_main_image\"><img decoding=\"async\" width=\"1144\" height=\"800\" src=\"https:\/\/www.op-svab.com\/wp-content\/uploads\/2020\/06\/odvetniska-pisarna-svab-ekipa-kontakt.jpg\" class=\"attachment-full\" alt=\"Odvetni\u0161ka pisarna \u0160vab Dimi\u010deva ulica 16 1000 Ljubljana\" srcset=\"https:\/\/www.op-svab.com\/wp-content\/uploads\/2020\/06\/odvetniska-pisarna-svab-ekipa-kontakt.jpg 1144w, https:\/\/www.op-svab.com\/wp-content\/uploads\/2020\/06\/odvetniska-pisarna-svab-ekipa-kontakt-300x210.jpg 300w, https:\/\/www.op-svab.com\/wp-content\/uploads\/2020\/06\/odvetniska-pisarna-svab-ekipa-kontakt-1024x716.jpg 1024w, https:\/\/www.op-svab.com\/wp-content\/uploads\/2020\/06\/odvetniska-pisarna-svab-ekipa-kontakt-768x537.jpg 768w, https:\/\/www.op-svab.com\/wp-content\/uploads\/2020\/06\/odvetniska-pisarna-svab-ekipa-kontakt-600x420.jpg 600w\" sizes=\"auto, (max-width: 1144px) 100vw, 1144px\" loading=\"lazy\" \/><\/div><\/div><\/div><\/div>[\/vc_column][\/vc_row][vc_row full_width=&#8221;stretch_row&#8221; css=&#8221;.vc_custom_1590754381629{padding-top: 8vh !important;padding-bottom: 8vh !important;background-color: #fcfcfc !important;}&#8221;][vc_column]<a class=\"cz_content_box_link\" href=\"\/de\/kontakt\/\" title=\"Kontakt\" role=\"button\" tabindex=\"0\" aria-label=\"Kontakt\"><div class=\"cz_eqh cz_content_box_parent_fx  \"><div class=\"fx_zoom_0_hover\"><div id=\"cz_77627\" class=\"cz_77627 cz_content_box clr\"><div class=\"cz_box_front clr\"><div class=\"cz_box_front_inner clr \"><span><\/span><div>[vc_row_inner][vc_column_inner width=&#8221;2\/3&#8243;]<div id=\"cz_88909\" class=\"cz_88909 cz_title clr cz_mobile_text_center cz_title_has_icon cz_title_pos_inline\"><div class=\"cz_title_shape shape_image cz_shape_2\"><img decoding=\"async\" width=\"170\" height=\"170\" src=\"https:\/\/www.op-svab.com\/wp-content\/uploads\/2020\/05\/separator-3.png\" class=\"attachment-full\" alt=\"Separator 3\" title=\"separator-3\" srcset=\"https:\/\/www.op-svab.com\/wp-content\/uploads\/2020\/05\/separator-3.png 170w, https:\/\/www.op-svab.com\/wp-content\/uploads\/2020\/05\/separator-3-150x150.png 150w\" sizes=\"auto, (max-width: 170px) 100vw, 170px\" loading=\"lazy\" \/><\/div><div class=\"cz_title_content\"><i class=\"cz_title_icon_before fa czico-051-user\"><\/i><div class=\"cz_wpe_content\"><h3 style=\"line-height: 1.4;\"><span style=\"font-size: 34px; color: #ffffff;\">Kommen Sie bei uns vorbei,<br \/>\n<\/span><\/h3>\n<p><span style=\"color: #ffffff;\">vertrauen Sie uns Ihr Anliegen oder Ihre Frage<br \/>\n<\/span><\/p>\n<\/div><\/div><\/div>[\/vc_column_inner][vc_column_inner width=&#8221;1\/3&#8243;]<div class=\"cz_gap clr \" style=\"height: 30px\"><\/div><div id=\"cz_98030\" class=\"cz_98030 cz_title clr cz_mobile_text_center cz_title_pos_inline tac\"><div class=\"cz_title_content\"><div class=\"cz_wpe_content\"><h3 style=\"text-align: center;\"><span style=\"color: #ffffff; font-weight: 300;\">T: +386 1 235 15 35<\/span><\/h3>\n<\/div><\/div><\/div>[\/vc_column_inner][\/vc_row_inner]<\/div><\/div><\/div><\/div><\/div><\/div><\/a>[\/vc_column][\/vc_row]<\/p>\n<\/div>","protected":false},"excerpt":{"rendered":"<p>[vc_row full_width=&#8221;stretch_row&#8221; css=&#8221;.vc_custom_1591735128500{padding-top: 8vh !important;padding-bottom: 6vh !important;background-color: #141a20 !important;}&#8221;][vc_column][\/vc_column][\/vc_row][vc_row css=&#8221;.vc_custom_1594027879197{padding-top: 6vh &#8230; <\/p>\n","protected":false},"author":1,"featured_media":0,"parent":0,"menu_order":0,"comment_status":"closed","ping_status":"closed","template":"","meta":{"_editorskit_title_hidden":false,"_editorskit_reading_time":0,"_editorskit_is_block_options_detached":false,"_editorskit_block_options_position":"{}","_uag_custom_page_level_css":"","footnotes":""},"class_list":["post-1552","page","type-page","status-publish","hentry"],"yoast_head":"<!-- This site is optimized with the Yoast SEO plugin v27.0 - https:\/\/yoast.com\/product\/yoast-seo-wordpress\/ -->\n<title>Bereiche - Rechtsanwaltskanzlei \u0160vab \/ Odvetni\u0161ka pisarna \u0160vab<\/title>\n<meta name=\"description\" content=\"Unsere Experten bieten aktuelle, effiziente und kundenfreundliche Rechtsberatung und -unterst\u00fctzung an.\" \/>\n<meta name=\"robots\" content=\"index, follow, max-snippet:-1, max-image-preview:large, max-video-preview:-1\" \/>\n<link rel=\"canonical\" href=\"https:\/\/www.op-svab.com\/de\/bereiche\/\" \/>\n<meta property=\"og:locale\" content=\"de_DE\" \/>\n<meta property=\"og:type\" content=\"article\" \/>\n<meta property=\"og:title\" content=\"Bereiche - Rechtsanwaltskanzlei \u0160vab \/ Odvetni\u0161ka pisarna \u0160vab\" \/>\n<meta property=\"og:description\" content=\"Unsere Experten bieten aktuelle, effiziente und kundenfreundliche Rechtsberatung und -unterst\u00fctzung an.\" \/>\n<meta property=\"og:url\" content=\"https:\/\/www.op-svab.com\/de\/bereiche\/\" \/>\n<meta property=\"og:site_name\" content=\"Odvetni\u0161ka pisarna \u0160vab &amp; \u0160tepec\" \/>\n<meta property=\"article:modified_time\" content=\"2023-03-06T12:20:02+00:00\" \/>\n<meta property=\"og:image\" content=\"https:\/\/www.op-svab.com\/wp-content\/uploads\/2023\/10\/svab_stepec_logo.png\" \/>\n\t<meta property=\"og:image:width\" content=\"1480\" \/>\n\t<meta property=\"og:image:height\" content=\"608\" \/>\n\t<meta property=\"og:image:type\" content=\"image\/png\" \/>\n<meta name=\"twitter:card\" content=\"summary_large_image\" \/>\n<meta name=\"twitter:label1\" content=\"Gesch\u00e4tzte Lesezeit\" \/>\n\t<meta name=\"twitter:data1\" content=\"3\u00a0Minuten\" \/>\n<script type=\"application\/ld+json\" class=\"yoast-schema-graph\">{\"@context\":\"https:\/\/schema.org\",\"@graph\":[{\"@type\":\"WebPage\",\"@id\":\"https:\/\/www.op-svab.com\/de\/bereiche\/\",\"url\":\"https:\/\/www.op-svab.com\/de\/bereiche\/\",\"name\":\"Bereiche - Rechtsanwaltskanzlei \u0160vab \/ Odvetni\u0161ka pisarna \u0160vab\",\"isPartOf\":{\"@id\":\"https:\/\/www.op-svab.com\/de\/#website\"},\"datePublished\":\"2020-05-28T21:23:23+00:00\",\"dateModified\":\"2023-03-06T12:20:02+00:00\",\"description\":\"Unsere Experten bieten aktuelle, effiziente und kundenfreundliche Rechtsberatung und -unterst\u00fctzung an.\",\"breadcrumb\":{\"@id\":\"https:\/\/www.op-svab.com\/de\/bereiche\/#breadcrumb\"},\"inLanguage\":\"de\",\"potentialAction\":[{\"@type\":\"ReadAction\",\"target\":[\"https:\/\/www.op-svab.com\/de\/bereiche\/\"]}]},{\"@type\":\"BreadcrumbList\",\"@id\":\"https:\/\/www.op-svab.com\/de\/bereiche\/#breadcrumb\",\"itemListElement\":[{\"@type\":\"ListItem\",\"position\":1,\"name\":\"Home\",\"item\":\"https:\/\/www.op-svab.com\/de\/\"},{\"@type\":\"ListItem\",\"position\":2,\"name\":\"Bereiche\"}]},{\"@type\":\"WebSite\",\"@id\":\"https:\/\/www.op-svab.com\/de\/#website\",\"url\":\"https:\/\/www.op-svab.com\/de\/\",\"name\":\"Odvetni\u0161ka pisarna \u0160vab & \u0160tepec\",\"description\":\"Vpra\u0161anja, spori, dokumenti, sodni postopki \u2013 zaupajte jih na\u0161im pravnim strokovnjakom! Sodni postopki niso edina, niti vedno najbolj primerna pot za iskanje pravice in zado\u0161\u010denja.\",\"publisher\":{\"@id\":\"https:\/\/www.op-svab.com\/de\/#organization\"},\"potentialAction\":[{\"@type\":\"SearchAction\",\"target\":{\"@type\":\"EntryPoint\",\"urlTemplate\":\"https:\/\/www.op-svab.com\/de\/?s={search_term_string}\"},\"query-input\":{\"@type\":\"PropertyValueSpecification\",\"valueRequired\":true,\"valueName\":\"search_term_string\"}}],\"inLanguage\":\"de\"},{\"@type\":\"Organization\",\"@id\":\"https:\/\/www.op-svab.com\/de\/#organization\",\"name\":\"Odvetni\u0161ka pisarna \u0160vab & \u0160tepec\",\"url\":\"https:\/\/www.op-svab.com\/de\/\",\"logo\":{\"@type\":\"ImageObject\",\"inLanguage\":\"de\",\"@id\":\"https:\/\/www.op-svab.com\/de\/#\/schema\/logo\/image\/\",\"url\":\"https:\/\/www.op-svab.com\/wp-content\/uploads\/2023\/09\/svab_stepec_logo_2_w160.png\",\"contentUrl\":\"https:\/\/www.op-svab.com\/wp-content\/uploads\/2023\/09\/svab_stepec_logo_2_w160.png\",\"width\":160,\"height\":218,\"caption\":\"Odvetni\u0161ka pisarna \u0160vab & \u0160tepec\"},\"image\":{\"@id\":\"https:\/\/www.op-svab.com\/de\/#\/schema\/logo\/image\/\"}}]}<\/script>\n<!-- \/ Yoast SEO plugin. -->","yoast_head_json":{"title":"Bereiche - Rechtsanwaltskanzlei \u0160vab \/ Odvetni\u0161ka pisarna \u0160vab","description":"Unsere Experten bieten aktuelle, effiziente und kundenfreundliche Rechtsberatung und -unterst\u00fctzung an.","robots":{"index":"index","follow":"follow","max-snippet":"max-snippet:-1","max-image-preview":"max-image-preview:large","max-video-preview":"max-video-preview:-1"},"canonical":"https:\/\/www.op-svab.com\/de\/bereiche\/","og_locale":"de_DE","og_type":"article","og_title":"Bereiche - Rechtsanwaltskanzlei \u0160vab \/ Odvetni\u0161ka pisarna \u0160vab","og_description":"Unsere Experten bieten aktuelle, effiziente und kundenfreundliche Rechtsberatung und -unterst\u00fctzung an.","og_url":"https:\/\/www.op-svab.com\/de\/bereiche\/","og_site_name":"Odvetni\u0161ka pisarna \u0160vab &amp; \u0160tepec","article_modified_time":"2023-03-06T12:20:02+00:00","og_image":[{"width":1480,"height":608,"url":"https:\/\/www.op-svab.com\/wp-content\/uploads\/2023\/10\/svab_stepec_logo.png","type":"image\/png"}],"twitter_card":"summary_large_image","twitter_misc":{"Gesch\u00e4tzte Lesezeit":"3\u00a0Minuten"},"schema":{"@context":"https:\/\/schema.org","@graph":[{"@type":"WebPage","@id":"https:\/\/www.op-svab.com\/de\/bereiche\/","url":"https:\/\/www.op-svab.com\/de\/bereiche\/","name":"Bereiche - Rechtsanwaltskanzlei \u0160vab \/ Odvetni\u0161ka pisarna \u0160vab","isPartOf":{"@id":"https:\/\/www.op-svab.com\/de\/#website"},"datePublished":"2020-05-28T21:23:23+00:00","dateModified":"2023-03-06T12:20:02+00:00","description":"Unsere Experten bieten aktuelle, effiziente und kundenfreundliche Rechtsberatung und -unterst\u00fctzung an.","breadcrumb":{"@id":"https:\/\/www.op-svab.com\/de\/bereiche\/#breadcrumb"},"inLanguage":"de","potentialAction":[{"@type":"ReadAction","target":["https:\/\/www.op-svab.com\/de\/bereiche\/"]}]},{"@type":"BreadcrumbList","@id":"https:\/\/www.op-svab.com\/de\/bereiche\/#breadcrumb","itemListElement":[{"@type":"ListItem","position":1,"name":"Home","item":"https:\/\/www.op-svab.com\/de\/"},{"@type":"ListItem","position":2,"name":"Bereiche"}]},{"@type":"WebSite","@id":"https:\/\/www.op-svab.com\/de\/#website","url":"https:\/\/www.op-svab.com\/de\/","name":"Odvetni\u0161ka pisarna \u0160vab & \u0160tepec","description":"Vpra\u0161anja, spori, dokumenti, sodni postopki \u2013 zaupajte jih na\u0161im pravnim strokovnjakom! Sodni postopki niso edina, niti vedno najbolj primerna pot za iskanje pravice in zado\u0161\u010denja.","publisher":{"@id":"https:\/\/www.op-svab.com\/de\/#organization"},"potentialAction":[{"@type":"SearchAction","target":{"@type":"EntryPoint","urlTemplate":"https:\/\/www.op-svab.com\/de\/?s={search_term_string}"},"query-input":{"@type":"PropertyValueSpecification","valueRequired":true,"valueName":"search_term_string"}}],"inLanguage":"de"},{"@type":"Organization","@id":"https:\/\/www.op-svab.com\/de\/#organization","name":"Odvetni\u0161ka pisarna \u0160vab & \u0160tepec","url":"https:\/\/www.op-svab.com\/de\/","logo":{"@type":"ImageObject","inLanguage":"de","@id":"https:\/\/www.op-svab.com\/de\/#\/schema\/logo\/image\/","url":"https:\/\/www.op-svab.com\/wp-content\/uploads\/2023\/09\/svab_stepec_logo_2_w160.png","contentUrl":"https:\/\/www.op-svab.com\/wp-content\/uploads\/2023\/09\/svab_stepec_logo_2_w160.png","width":160,"height":218,"caption":"Odvetni\u0161ka pisarna \u0160vab & \u0160tepec"},"image":{"@id":"https:\/\/www.op-svab.com\/de\/#\/schema\/logo\/image\/"}}]}},"uagb_featured_image_src":{"full":false,"thumbnail":false,"medium":false,"medium_large":false,"large":false,"1536x1536":false,"2048x2048":false,"codevz_360_320":false,"codevz_600_600":false,"codevz_1200_200":false,"codevz_1200_500":false,"codevz_600_1000":false,"codevz_600_9999":false},"uagb_author_info":{"display_name":"tomaz","author_link":"https:\/\/www.op-svab.com\/de\/author\/tomaz\/"},"uagb_comment_info":0,"uagb_excerpt":"[vc_row full_width=&#8221;stretch_row&#8221; css=&#8221;.vc_custom_1591735128500{padding-top: 8vh !important;padding-bottom: 6vh !important;background-color: #141a20 !important;}&#8221;][vc_column][\/vc_column][\/vc_row][vc_row css=&#8221;.vc_custom_1594027879197{padding-top: 6vh ...","_links":{"self":[{"href":"https:\/\/www.op-svab.com\/de\/wp-json\/wp\/v2\/pages\/1552","targetHints":{"allow":["GET"]}}],"collection":[{"href":"https:\/\/www.op-svab.com\/de\/wp-json\/wp\/v2\/pages"}],"about":[{"href":"https:\/\/www.op-svab.com\/de\/wp-json\/wp\/v2\/types\/page"}],"author":[{"embeddable":true,"href":"https:\/\/www.op-svab.com\/de\/wp-json\/wp\/v2\/users\/1"}],"replies":[{"embeddable":true,"href":"https:\/\/www.op-svab.com\/de\/wp-json\/wp\/v2\/comments?post=1552"}],"version-history":[{"count":10,"href":"https:\/\/www.op-svab.com\/de\/wp-json\/wp\/v2\/pages\/1552\/revisions"}],"predecessor-version":[{"id":2326,"href":"https:\/\/www.op-svab.com\/de\/wp-json\/wp\/v2\/pages\/1552\/revisions\/2326"}],"wp:attachment":[{"href":"https:\/\/www.op-svab.com\/de\/wp-json\/wp\/v2\/media?parent=1552"}],"curies":[{"name":"wp","href":"https:\/\/api.w.org\/{rel}","templated":true}]}}